{"id":6613,"date":"2026-05-11T12:18:08","date_gmt":"2026-05-11T10:18:08","guid":{"rendered":"https:\/\/mjtxikimart.com\/?post_type=product&#038;p=6613"},"modified":"2026-05-11T12:30:32","modified_gmt":"2026-05-11T10:30:32","slug":"gekkeikan-sake-junmai-300ml","status":"publish","type":"product","link":"https:\/\/mjtxikimart.com\/es\/producto\/gekkeikan-sake-junmai-300ml\/","title":{"rendered":"GEKKEIKAN, Sake Junmai 300ml"},"content":{"rendered":"<h4 style=\"text-align: left;\"><img decoding=\"async\" class=\"alignnone size-full wp-image-6512\" src=\"https:\/\/mjtxikimart.com\/wp-content\/uploads\/2026\/05\/JAPON.png\" alt=\"\" width=\"62\" height=\"51\" \/> <img decoding=\"async\" class=\"alignnone size-full wp-image-6515\" src=\"https:\/\/mjtxikimart.com\/wp-content\/uploads\/2026\/05\/VEGETARIANO-VEGANO-1.png\" alt=\"\" width=\"44\" height=\"56\" srcset=\"https:\/\/mjtxikimart.com\/wp-content\/uploads\/2026\/05\/VEGETARIANO-VEGANO-1.png 44w, https:\/\/mjtxikimart.com\/wp-content\/uploads\/2026\/05\/VEGETARIANO-VEGANO-1-42x54.png 42w\" sizes=\"(max-width: 44px) 100vw, 44px\" \/> <img decoding=\"async\" class=\"alignnone size-full wp-image-6513\" src=\"https:\/\/mjtxikimart.com\/wp-content\/uploads\/2026\/05\/SIN-GLUTEN-copia.png\" alt=\"\" width=\"40\" height=\"57\" srcset=\"https:\/\/mjtxikimart.com\/wp-content\/uploads\/2026\/05\/SIN-GLUTEN-copia.png 40w, https:\/\/mjtxikimart.com\/wp-content\/uploads\/2026\/05\/SIN-GLUTEN-copia-38x54.png 38w\" sizes=\"(max-width: 40px) 100vw, 40px\" \/><span dir=\"auto\" style=\"vertical-align: inherit;\"><span dir=\"auto\" style=\"vertical-align: inherit;\">14,5 % vol. de alcohol<\/span><\/span><\/h4>\n","protected":false},"excerpt":{"rendered":"<h3 class=\"n6owBd awi2gc\" data-sfc-root=\"c\" data-hveid=\"CAEIAhAA\" data-complete=\"true\" data-processed=\"true\" data-copy-service-computed-style=\"font-family: &quot;Google Sans&quot;, Arial, sans-serif; font-size: 16px; font-weight: 400; margin: 12px 0px; text-decoration: none; border-bottom: 0px rgb(10, 10, 10);\"><span data-subtree=\"aimfl\" data-processed=\"true\" data-copy-service-computed-style=\"font-family: &quot;Google Sans&quot;, Arial, sans-serif; font-size: 16px; font-weight: 400; margin: 0px; text-decoration: none; border-bottom: 0px rgb(10, 10, 10);\"><span dir=\"auto\" style=\"vertical-align: inherit;\"><span dir=\"auto\" style=\"vertical-align: inherit;\"><span dir=\"auto\" style=\"vertical-align: inherit;\"><span dir=\"auto\" style=\"vertical-align: inherit;\">El <\/span><\/span><\/span><\/span><\/span><strong class=\"Yjhzub\" data-sfc-root=\"c\" data-sfc-cb=\"\" data-complete=\"true\" data-processed=\"true\" data-copy-service-computed-style=\"font-family: &quot;Google Sans&quot;, Arial, sans-serif; font-size: 16px; font-weight: 600; margin: 0px; text-decoration: none; border-bottom: 0px rgb(10, 10, 10);\"><span dir=\"auto\" style=\"vertical-align: inherit;\"><span dir=\"auto\" style=\"vertical-align: inherit;\"><span dir=\"auto\" style=\"vertical-align: inherit;\"><span dir=\"auto\" style=\"vertical-align: inherit;\">Gekkeikan Junmai<\/span><\/span><\/span><\/span><!--TgQPHd|[]--><\/strong><span dir=\"auto\" style=\"vertical-align: inherit;\"><span dir=\"auto\" style=\"vertical-align: inherit;\"><span dir=\"auto\" style=\"vertical-align: inherit;\"><span dir=\"auto\" style=\"vertical-align: inherit;\"> de 300 ml es uno de los sakes m\u00e1s populares y reconocidos a nivel mundial, valorado por su pureza y versatilidad gastron\u00f3mica.\u00a0<\/span><\/span><\/span><\/span><!--TgQPHd|[]--><!--TgQPHd|[]--><\/h3>\n<h3 class=\"Fsg96\" data-sfc-root=\"c\" data-complete=\"true\" data-processed=\"true\" data-copy-service-computed-style=\"font-family: &quot;Google Sans&quot;, Arial, sans-serif; font-size: 14px; font-weight: 400; margin: 0px; text-decoration: none; border-bottom: 0px rgb(10, 10, 10);\"><!--TgQPHd|[]--><\/h3>\n<h3 class=\"n6owBd awi2gc\" data-sfc-root=\"c\" data-hveid=\"CAEIBBAA\" data-complete=\"true\" data-processed=\"true\" data-copy-service-computed-style=\"font-family: &quot;Google Sans&quot;, Arial, sans-serif; font-size: 16px; font-weight: 400; margin: 12px 0px; text-decoration: none; border-bottom: 0px rgb(10, 10, 10);\"><span dir=\"auto\" style=\"vertical-align: inherit;\"><span dir=\"auto\" style=\"vertical-align: inherit;\"><span dir=\"auto\" style=\"vertical-align: inherit;\"><span dir=\"auto\" style=\"vertical-align: inherit;\">Este sake pertenece a la categor\u00eda <\/span><\/span><\/span><\/span><strong class=\"Yjhzub\" data-sfc-root=\"c\" data-sfc-cb=\"\" data-complete=\"true\" data-processed=\"true\" data-copy-service-computed-style=\"font-family: &quot;Google Sans&quot;, Arial, sans-serif; font-size: 16px; font-weight: 600; margin: 0px; text-decoration: none; border-bottom: 0px rgb(10, 10, 10);\"><span dir=\"auto\" style=\"vertical-align: inherit;\"><span dir=\"auto\" style=\"vertical-align: inherit;\"><span dir=\"auto\" style=\"vertical-align: inherit;\"><span dir=\"auto\" style=\"vertical-align: inherit;\">Junmai<\/span><\/span><\/span><\/span><!--TgQPHd|[]--><\/strong><span dir=\"auto\" style=\"vertical-align: inherit;\"><span dir=\"auto\" style=\"vertical-align: inherit;\"><span dir=\"auto\" style=\"vertical-align: inherit;\"><span dir=\"auto\" style=\"vertical-align: inherit;\"> , que significa &#8220;arroz puro&#8221; en japon\u00e9s; se elabora exclusivamente con arroz, agua, levadura y <\/span><\/span><\/span><\/span><em class=\"eujQNb\" data-sfc-root=\"c\" data-sfc-cb=\"\" data-complete=\"true\" data-processed=\"true\" data-copy-service-computed-style=\"font-family: &quot;Google Sans&quot;, Arial, sans-serif; font-size: 16px; font-weight: 400; margin: 0px; text-decoration: none; border-bottom: 0px rgb(10, 10, 10);\"><span dir=\"auto\" style=\"vertical-align: inherit;\"><span dir=\"auto\" style=\"vertical-align: inherit;\"><span dir=\"auto\" style=\"vertical-align: inherit;\"><span dir=\"auto\" style=\"vertical-align: inherit;\">koji<\/span><\/span><\/span><\/span><!--TgQPHd|[]--><\/em><span dir=\"auto\" style=\"vertical-align: inherit;\"><span dir=\"auto\" style=\"vertical-align: inherit;\"><span dir=\"auto\" style=\"vertical-align: inherit;\"><span dir=\"auto\" style=\"vertical-align: inherit;\"> , sin a\u00f1adir alcohol destilado ni az\u00facares.\u00a0<\/span><\/span><\/span><\/span><!--TgQPHd|[]--><\/h3>\n<ul class=\"KsbFXc U6u95\" data-sfc-root=\"c\" data-sfc-cb=\"\" data-complete=\"true\" data-processed=\"true\" data-copy-service-computed-style=\"font-family: &quot;Google Sans&quot;, Arial, sans-serif; font-size: 16px; font-weight: 400; margin: 12px 0px; text-decoration: none; border-bottom: 0px rgb(10, 10, 10);\">\n<li class=\"Z1qcYe\" data-sfc-cp=\"\" data-sfc-root=\"c\" data-sfc-cb=\"\" data-hveid=\"CAEIBRAA\" data-complete=\"true\" data-sae=\"\" data-copy-service-computed-style=\"font-family: &quot;Google Sans&quot;, Arial, sans-serif; font-size: 16px; font-weight: 400; margin: 0px 0px 8px; text-decoration: none; border-bottom: 0px rgb(10, 10, 10);\"><span class=\"T286Pc\" data-sfc-cp=\"\" data-sfc-root=\"c\" data-sfc-cb=\"\" data-complete=\"true\" data-copy-service-computed-style=\"font-family: &quot;Google Sans&quot;, Arial, sans-serif; font-size: 16px; font-weight: 400; margin: 0px; text-decoration: none; border-bottom: 0px rgb(10, 10, 10);\"><strong class=\"Yjhzub\" data-sfc-root=\"c\" data-sfc-cb=\"\" data-complete=\"true\" data-copy-service-computed-style=\"font-family: &quot;Google Sans&quot;, Arial, sans-serif; font-size: 16px; font-weight: 600; margin: 0px; text-decoration: none; border-bottom: 0px rgb(10, 10, 10);\"><span dir=\"auto\" style=\"vertical-align: inherit;\"><span dir=\"auto\" style=\"vertical-align: inherit;\"><span dir=\"auto\" style=\"vertical-align: inherit;\"><span dir=\"auto\" style=\"vertical-align: inherit;\">Perfil de sabor<\/span><\/span><\/span><\/span><!--TgQPHd|[]--><\/strong><span dir=\"auto\" style=\"vertical-align: inherit;\"><span dir=\"auto\" style=\"vertical-align: inherit;\"><span dir=\"auto\" style=\"vertical-align: inherit;\"><span dir=\"auto\" style=\"vertical-align: inherit;\"> : Este sake es seco y ligero, con un cuerpo bien equilibrado. Presenta notas herb\u00e1ceas, toques c\u00edtricos de pomelo y un ligero matiz terroso.<\/span><\/span><\/span><\/span><!--TgQPHd|[]--><\/span><!--TgQPHd|[]--><\/li>\n<li class=\"Z1qcYe\" data-sfc-cp=\"\" data-sfc-root=\"c\" data-sfc-cb=\"\" data-hveid=\"CAEIBRAB\" data-complete=\"true\" data-sae=\"\" data-copy-service-computed-style=\"font-family: &quot;Google Sans&quot;, Arial, sans-serif; font-size: 16px; font-weight: 400; margin: 0px 0px 8px; text-decoration: none; border-bottom: 0px rgb(10, 10, 10);\"><span class=\"T286Pc\" data-sfc-cp=\"\" data-sfc-root=\"c\" data-sfc-cb=\"\" data-complete=\"true\" data-copy-service-computed-style=\"font-family: &quot;Google Sans&quot;, Arial, sans-serif; font-size: 16px; font-weight: 400; margin: 0px; text-decoration: none; border-bottom: 0px rgb(10, 10, 10);\"><strong class=\"Yjhzub\" data-sfc-root=\"c\" data-sfc-cb=\"\" data-complete=\"true\" data-copy-service-computed-style=\"font-family: &quot;Google Sans&quot;, Arial, sans-serif; font-size: 16px; font-weight: 600; margin: 0px; text-decoration: none; border-bottom: 0px rgb(10, 10, 10);\"><span dir=\"auto\" style=\"vertical-align: inherit;\"><span dir=\"auto\" style=\"vertical-align: inherit;\"><span dir=\"auto\" style=\"vertical-align: inherit;\"><span dir=\"auto\" style=\"vertical-align: inherit;\">Contenido de alcohol<\/span><\/span><\/span><\/span><!--TgQPHd|[]--><\/strong><span dir=\"auto\" style=\"vertical-align: inherit;\"><span dir=\"auto\" style=\"vertical-align: inherit;\"><span dir=\"auto\" style=\"vertical-align: inherit;\"><span dir=\"auto\" style=\"vertical-align: inherit;\"> : Suele estar entre <\/span><\/span><\/span><\/span><strong class=\"Yjhzub\" data-sfc-root=\"c\" data-sfc-cb=\"\" data-complete=\"true\" data-copy-service-computed-style=\"font-family: &quot;Google Sans&quot;, Arial, sans-serif; font-size: 16px; font-weight: 600; margin: 0px; text-decoration: none; border-bottom: 0px rgb(10, 10, 10);\"><span dir=\"auto\" style=\"vertical-align: inherit;\"><span dir=\"auto\" style=\"vertical-align: inherit;\"><span dir=\"auto\" style=\"vertical-align: inherit;\"><span dir=\"auto\" style=\"vertical-align: inherit;\">el 14,5% y el 15,6% vol<\/span><\/span><\/span><\/span><!--TgQPHd|[]--><\/strong><span dir=\"auto\" style=\"vertical-align: inherit;\"><span dir=\"auto\" style=\"vertical-align: inherit;\"><span dir=\"auto\" style=\"vertical-align: inherit;\"><span dir=\"auto\" style=\"vertical-align: inherit;\"> .<\/span><\/span><\/span><\/span><!--TgQPHd|[]--><\/span><!--TgQPHd|[]--><\/li>\n<li class=\"Z1qcYe\" data-sfc-cp=\"\" data-sfc-root=\"c\" data-sfc-cb=\"\" data-hveid=\"CAEIBRAC\" data-complete=\"true\" data-sae=\"\" data-copy-service-computed-style=\"font-family: &quot;Google Sans&quot;, Arial, sans-serif; font-size: 16px; font-weight: 400; margin: 0px 0px 8px; text-decoration: none; border-bottom: 0px rgb(10, 10, 10);\"><span class=\"T286Pc\" data-sfc-cp=\"\" data-sfc-root=\"c\" data-sfc-cb=\"\" data-complete=\"true\" data-copy-service-computed-style=\"font-family: &quot;Google Sans&quot;, Arial, sans-serif; font-size: 16px; font-weight: 400; margin: 0px; text-decoration: none; border-bottom: 0px rgb(10, 10, 10);\"><strong class=\"Yjhzub\" data-sfc-root=\"c\" data-sfc-cb=\"\" data-complete=\"true\" data-copy-service-computed-style=\"font-family: &quot;Google Sans&quot;, Arial, sans-serif; font-size: 16px; font-weight: 600; margin: 0px; text-decoration: none; border-bottom: 0px rgb(10, 10, 10);\"><span dir=\"auto\" style=\"vertical-align: inherit;\"><span dir=\"auto\" style=\"vertical-align: inherit;\"><span dir=\"auto\" style=\"vertical-align: inherit;\"><span dir=\"auto\" style=\"vertical-align: inherit;\">Modo de preparaci\u00f3n<\/span><\/span><\/span><\/span><!--TgQPHd|[]--><\/strong><span dir=\"auto\" style=\"vertical-align: inherit;\"><span dir=\"auto\" style=\"vertical-align: inherit;\"><span dir=\"auto\" style=\"vertical-align: inherit;\"><span dir=\"auto\" style=\"vertical-align: inherit;\"> : Es muy vers\u00e1til, se puede disfrutar fr\u00edo (5-15 \u00b0C), a temperatura ambiente o caliente (40-50 \u00b0C).<\/span><\/span><\/span><\/span><!--TgQPHd|[]--><\/span><!--TgQPHd|[]--><\/li>\n<li class=\"Z1qcYe\" data-sfc-cp=\"\" data-sfc-root=\"c\" data-sfc-cb=\"\" data-hveid=\"CAEIBRAD\" data-complete=\"true\" data-sae=\"\" data-copy-service-computed-style=\"font-family: &quot;Google Sans&quot;, Arial, sans-serif; font-size: 16px; font-weight: 400; margin: 0px 0px 8px; text-decoration: none; border-bottom: 0px rgb(10, 10, 10);\"><span class=\"T286Pc\" data-sfc-cp=\"\" data-sfc-root=\"c\" data-sfc-cb=\"\" data-complete=\"true\" aria-owns=\"action-menu-parent-container\" data-copy-service-computed-style=\"font-family: &quot;Google Sans&quot;, Arial, sans-serif; font-size: 16px; font-weight: 400; margin: 0px; text-decoration: none; border-bottom: 0px rgb(10, 10, 10);\"><span class=\"T286Pc\" data-sfc-cp=\"\" data-sfc-root=\"c\" data-sfc-cb=\"\" data-complete=\"true\" aria-owns=\"action-menu-parent-container\" data-copy-service-computed-style=\"font-family: &quot;Google Sans&quot;, Arial, sans-serif; font-size: 16px; font-weight: 400; margin: 0px; text-decoration: none; border-bottom: 0px rgb(10, 10, 10);\"><strong class=\"Yjhzub\" data-sfc-root=\"c\" data-sfc-cb=\"\" data-complete=\"true\" data-copy-service-computed-style=\"font-family: &quot;Google Sans&quot;, Arial, sans-serif; font-size: 16px; font-weight: 600; margin: 0px; text-decoration: none; border-bottom: 0px rgb(10, 10, 10);\"><span dir=\"auto\" style=\"vertical-align: inherit;\"><span dir=\"auto\" style=\"vertical-align: inherit;\"><span dir=\"auto\" style=\"vertical-align: inherit;\"><span dir=\"auto\" style=\"vertical-align: inherit;\">Maridaje<\/span><\/span><\/span><\/span><!--TgQPHd|[]--><\/strong><span dir=\"auto\" style=\"vertical-align: inherit;\"><span dir=\"auto\" style=\"vertical-align: inherit;\"><span dir=\"auto\" style=\"vertical-align: inherit;\"><span dir=\"auto\" style=\"vertical-align: inherit;\"> : Combina a la perfecci\u00f3n con platos de pescado, mariscos, tempura y platos asi\u00e1ticos con base de coco.<\/span><\/span><\/span><\/span><\/span><\/span><br \/>\n<h4 style=\"text-align: left;\"><img decoding=\"async\" class=\"alignnone size-full wp-image-6512\" src=\"https:\/\/mjtxikimart.com\/wp-content\/uploads\/2026\/05\/JAPON.png\" alt=\"\" width=\"62\" height=\"51\" \/> <img decoding=\"async\" class=\"alignnone size-full wp-image-6515\" src=\"https:\/\/mjtxikimart.com\/wp-content\/uploads\/2026\/05\/VEGETARIANO-VEGANO-1.png\" alt=\"\" width=\"44\" height=\"56\" srcset=\"https:\/\/mjtxikimart.com\/wp-content\/uploads\/2026\/05\/VEGETARIANO-VEGANO-1.png 44w, https:\/\/mjtxikimart.com\/wp-content\/uploads\/2026\/05\/VEGETARIANO-VEGANO-1-42x54.png 42w\" sizes=\"(max-width: 44px) 100vw, 44px\" \/> <img decoding=\"async\" class=\"alignnone size-full wp-image-6513\" src=\"https:\/\/mjtxikimart.com\/wp-content\/uploads\/2026\/05\/SIN-GLUTEN-copia.png\" alt=\"\" width=\"40\" height=\"57\" srcset=\"https:\/\/mjtxikimart.com\/wp-content\/uploads\/2026\/05\/SIN-GLUTEN-copia.png 40w, https:\/\/mjtxikimart.com\/wp-content\/uploads\/2026\/05\/SIN-GLUTEN-copia-38x54.png 38w\" sizes=\"(max-width: 40px) 100vw, 40px\" \/><span dir=\"auto\" style=\"vertical-align: inherit;\"><span dir=\"auto\" style=\"vertical-align: inherit;\">14,5 % vol. de alcohol<\/span><\/span><\/h4>\n<\/li>\n<\/ul>\n","protected":false},"featured_media":6611,"template":"","meta":[],"product_brand":[],"product_cat":[155,163],"product_tag":[1229,1230],"class_list":{"0":"post-6613","1":"product","2":"type-product","3":"status-publish","4":"has-post-thumbnail","6":"product_cat-bebidas","7":"product_cat-salsas-sazonadores-y-condimentos","8":"product_tag-alcohol","9":"product_tag-sake","11":"first","12":"instock","13":"taxable","14":"shipping-taxable","15":"purchasable","16":"product-type-simple"},"yoast_head":"<!-- This site is optimized with the Yoast SEO plugin v26.6 - https:\/\/yoast.com\/wordpress\/plugins\/seo\/ -->\n<title>GEKKEIKAN, Sake Junmai 300ml - MjTxikimart<\/title>\n<meta name=\"robots\" content=\"index, follow, max-snippet:-1, max-image-preview:large, max-video-preview:-1\" \/>\n<link rel=\"canonical\" href=\"https:\/\/mjtxikimart.com\/es\/producto\/gekkeikan-sake-junmai-300ml\/\" \/>\n<meta property=\"og:locale\" content=\"es_ES\" \/>\n<meta property=\"og:type\" content=\"article\" \/>\n<meta property=\"og:title\" content=\"GEKKEIKAN, Sake Junmai 300ml - MjTxikimart\" \/>\n<meta property=\"og:description\" content=\"El Gekkeikan Junmai de 300 ml es uno de los sakes m\u00e1s populares y reconocidos a nivel mundial, valorado por su pureza y versatilidad gastron\u00f3mica.\u00a0  Este sake pertenece a la categor\u00eda Junmai , que significa &quot;arroz puro&quot; en japon\u00e9s; se elabora exclusivamente con arroz, agua, levadura y koji , sin a\u00f1adir alcohol destilado ni az\u00facares.\u00a0   Perfil de sabor : Este sake es seco y ligero, con un cuerpo bien equilibrado. Presenta notas herb\u00e1ceas, toques c\u00edtricos de pomelo y un ligero matiz terroso.  Contenido de alcohol : Suele estar entre el 14,5% y el 15,6% vol .  Modo de preparaci\u00f3n : Es muy vers\u00e1til, se puede disfrutar fr\u00edo (5-15 \u00b0C), a temperatura ambiente o caliente (40-50 \u00b0C).  Maridaje : Combina a la perfecci\u00f3n con platos de pescado, mariscos, tempura y platos asi\u00e1ticos con base de coco.  14,5 % vol. de alcohol\" \/>\n<meta property=\"og:url\" content=\"https:\/\/mjtxikimart.com\/es\/producto\/gekkeikan-sake-junmai-300ml\/\" \/>\n<meta property=\"og:site_name\" content=\"MjTxikimart\" \/>\n<meta property=\"article:modified_time\" content=\"2026-05-11T10:30:32+00:00\" \/>\n<meta property=\"og:image\" content=\"https:\/\/mjtxikimart.com\/wp-content\/uploads\/2026\/05\/SAKE.png\" \/>\n\t<meta property=\"og:image:width\" content=\"900\" \/>\n\t<meta property=\"og:image:height\" content=\"900\" \/>\n\t<meta property=\"og:image:type\" content=\"image\/png\" \/>\n<meta name=\"twitter:card\" content=\"summary_large_image\" \/>\n<meta name=\"twitter:label1\" content=\"Tiempo de lectura\" \/>\n\t<meta name=\"twitter:data1\" content=\"1 minuto\" \/>\n<script type=\"application\/ld+json\" class=\"yoast-schema-graph\">{\"@context\":\"https:\/\/schema.org\",\"@graph\":[{\"@type\":\"WebPage\",\"@id\":\"https:\/\/mjtxikimart.com\/es\/producto\/gekkeikan-sake-junmai-300ml\/\",\"url\":\"https:\/\/mjtxikimart.com\/es\/producto\/gekkeikan-sake-junmai-300ml\/\",\"name\":\"GEKKEIKAN, Sake Junmai 300ml - MjTxikimart\",\"isPartOf\":{\"@id\":\"https:\/\/mjtxikimart.com\/#website\"},\"primaryImageOfPage\":{\"@id\":\"https:\/\/mjtxikimart.com\/es\/producto\/gekkeikan-sake-junmai-300ml\/#primaryimage\"},\"image\":{\"@id\":\"https:\/\/mjtxikimart.com\/es\/producto\/gekkeikan-sake-junmai-300ml\/#primaryimage\"},\"thumbnailUrl\":\"https:\/\/mjtxikimart.com\/wp-content\/uploads\/2026\/05\/SAKE.png\",\"datePublished\":\"2026-05-11T10:18:08+00:00\",\"dateModified\":\"2026-05-11T10:30:32+00:00\",\"breadcrumb\":{\"@id\":\"https:\/\/mjtxikimart.com\/es\/producto\/gekkeikan-sake-junmai-300ml\/#breadcrumb\"},\"inLanguage\":\"es\",\"potentialAction\":[{\"@type\":\"ReadAction\",\"target\":[\"https:\/\/mjtxikimart.com\/es\/producto\/gekkeikan-sake-junmai-300ml\/\"]}]},{\"@type\":\"ImageObject\",\"inLanguage\":\"es\",\"@id\":\"https:\/\/mjtxikimart.com\/es\/producto\/gekkeikan-sake-junmai-300ml\/#primaryimage\",\"url\":\"https:\/\/mjtxikimart.com\/wp-content\/uploads\/2026\/05\/SAKE.png\",\"contentUrl\":\"https:\/\/mjtxikimart.com\/wp-content\/uploads\/2026\/05\/SAKE.png\",\"width\":900,\"height\":900},{\"@type\":\"BreadcrumbList\",\"@id\":\"https:\/\/mjtxikimart.com\/es\/producto\/gekkeikan-sake-junmai-300ml\/#breadcrumb\",\"itemListElement\":[{\"@type\":\"ListItem\",\"position\":1,\"name\":\"Home\",\"item\":\"https:\/\/mjtxikimart.com\/es\/\"},{\"@type\":\"ListItem\",\"position\":2,\"name\":\"Tienda\",\"item\":\"https:\/\/mjtxikimart.com\/es\/tienda\/\"},{\"@type\":\"ListItem\",\"position\":3,\"name\":\"GEKKEIKAN, Sake Junmai 300ml\"}]},{\"@type\":\"WebSite\",\"@id\":\"https:\/\/mjtxikimart.com\/#website\",\"url\":\"https:\/\/mjtxikimart.com\/\",\"name\":\"MjTxikimart\",\"description\":\"Comida Asi\u00e1tica Alimentaci\u00f3n\",\"potentialAction\":[{\"@type\":\"SearchAction\",\"target\":{\"@type\":\"EntryPoint\",\"urlTemplate\":\"https:\/\/mjtxikimart.com\/?s={search_term_string}\"},\"query-input\":{\"@type\":\"PropertyValueSpecification\",\"valueRequired\":true,\"valueName\":\"search_term_string\"}}],\"inLanguage\":\"es\"}]}<\/script>\n<!-- \/ Yoast SEO plugin. -->","yoast_head_json":{"title":"GEKKEIKAN, Sake Junmai 300ml - MjTxikimart","robots":{"index":"index","follow":"follow","max-snippet":"max-snippet:-1","max-image-preview":"max-image-preview:large","max-video-preview":"max-video-preview:-1"},"canonical":"https:\/\/mjtxikimart.com\/es\/producto\/gekkeikan-sake-junmai-300ml\/","og_locale":"es_ES","og_type":"article","og_title":"GEKKEIKAN, Sake Junmai 300ml - MjTxikimart","og_description":"El Gekkeikan Junmai de 300 ml es uno de los sakes m\u00e1s populares y reconocidos a nivel mundial, valorado por su pureza y versatilidad gastron\u00f3mica.\u00a0  Este sake pertenece a la categor\u00eda Junmai , que significa \"arroz puro\" en japon\u00e9s; se elabora exclusivamente con arroz, agua, levadura y koji , sin a\u00f1adir alcohol destilado ni az\u00facares.\u00a0   Perfil de sabor : Este sake es seco y ligero, con un cuerpo bien equilibrado. Presenta notas herb\u00e1ceas, toques c\u00edtricos de pomelo y un ligero matiz terroso.  Contenido de alcohol : Suele estar entre el 14,5% y el 15,6% vol .  Modo de preparaci\u00f3n : Es muy vers\u00e1til, se puede disfrutar fr\u00edo (5-15 \u00b0C), a temperatura ambiente o caliente (40-50 \u00b0C).  Maridaje : Combina a la perfecci\u00f3n con platos de pescado, mariscos, tempura y platos asi\u00e1ticos con base de coco.  14,5 % vol. de alcohol","og_url":"https:\/\/mjtxikimart.com\/es\/producto\/gekkeikan-sake-junmai-300ml\/","og_site_name":"MjTxikimart","article_modified_time":"2026-05-11T10:30:32+00:00","og_image":[{"width":900,"height":900,"url":"https:\/\/mjtxikimart.com\/wp-content\/uploads\/2026\/05\/SAKE.png","type":"image\/png"}],"twitter_card":"summary_large_image","twitter_misc":{"Tiempo de lectura":"1 minuto"},"schema":{"@context":"https:\/\/schema.org","@graph":[{"@type":"WebPage","@id":"https:\/\/mjtxikimart.com\/es\/producto\/gekkeikan-sake-junmai-300ml\/","url":"https:\/\/mjtxikimart.com\/es\/producto\/gekkeikan-sake-junmai-300ml\/","name":"GEKKEIKAN, Sake Junmai 300ml - MjTxikimart","isPartOf":{"@id":"https:\/\/mjtxikimart.com\/#website"},"primaryImageOfPage":{"@id":"https:\/\/mjtxikimart.com\/es\/producto\/gekkeikan-sake-junmai-300ml\/#primaryimage"},"image":{"@id":"https:\/\/mjtxikimart.com\/es\/producto\/gekkeikan-sake-junmai-300ml\/#primaryimage"},"thumbnailUrl":"https:\/\/mjtxikimart.com\/wp-content\/uploads\/2026\/05\/SAKE.png","datePublished":"2026-05-11T10:18:08+00:00","dateModified":"2026-05-11T10:30:32+00:00","breadcrumb":{"@id":"https:\/\/mjtxikimart.com\/es\/producto\/gekkeikan-sake-junmai-300ml\/#breadcrumb"},"inLanguage":"es","potentialAction":[{"@type":"ReadAction","target":["https:\/\/mjtxikimart.com\/es\/producto\/gekkeikan-sake-junmai-300ml\/"]}]},{"@type":"ImageObject","inLanguage":"es","@id":"https:\/\/mjtxikimart.com\/es\/producto\/gekkeikan-sake-junmai-300ml\/#primaryimage","url":"https:\/\/mjtxikimart.com\/wp-content\/uploads\/2026\/05\/SAKE.png","contentUrl":"https:\/\/mjtxikimart.com\/wp-content\/uploads\/2026\/05\/SAKE.png","width":900,"height":900},{"@type":"BreadcrumbList","@id":"https:\/\/mjtxikimart.com\/es\/producto\/gekkeikan-sake-junmai-300ml\/#breadcrumb","itemListElement":[{"@type":"ListItem","position":1,"name":"Home","item":"https:\/\/mjtxikimart.com\/es\/"},{"@type":"ListItem","position":2,"name":"Tienda","item":"https:\/\/mjtxikimart.com\/es\/tienda\/"},{"@type":"ListItem","position":3,"name":"GEKKEIKAN, Sake Junmai 300ml"}]},{"@type":"WebSite","@id":"https:\/\/mjtxikimart.com\/#website","url":"https:\/\/mjtxikimart.com\/","name":"MjTxikimart","description":"Comida Asi\u00e1tica Alimentaci\u00f3n","potentialAction":[{"@type":"SearchAction","target":{"@type":"EntryPoint","urlTemplate":"https:\/\/mjtxikimart.com\/?s={search_term_string}"},"query-input":{"@type":"PropertyValueSpecification","valueRequired":true,"valueName":"search_term_string"}}],"inLanguage":"es"}]}},"jetpack_sharing_enabled":true,"_links":{"self":[{"href":"https:\/\/mjtxikimart.com\/es\/wp-json\/wp\/v2\/product\/6613","targetHints":{"allow":["GET"]}}],"collection":[{"href":"https:\/\/mjtxikimart.com\/es\/wp-json\/wp\/v2\/product"}],"about":[{"href":"https:\/\/mjtxikimart.com\/es\/wp-json\/wp\/v2\/types\/product"}],"wp:featuredmedia":[{"embeddable":true,"href":"https:\/\/mjtxikimart.com\/es\/wp-json\/wp\/v2\/media\/6611"}],"wp:attachment":[{"href":"https:\/\/mjtxikimart.com\/es\/wp-json\/wp\/v2\/media?parent=6613"}],"wp:term":[{"taxonomy":"product_brand","embeddable":true,"href":"https:\/\/mjtxikimart.com\/es\/wp-json\/wp\/v2\/product_brand?post=6613"},{"taxonomy":"product_cat","embeddable":true,"href":"https:\/\/mjtxikimart.com\/es\/wp-json\/wp\/v2\/product_cat?post=6613"},{"taxonomy":"product_tag","embeddable":true,"href":"https:\/\/mjtxikimart.com\/es\/wp-json\/wp\/v2\/product_tag?post=6613"}],"curies":[{"name":"wp","href":"https:\/\/api.w.org\/{rel}","templated":true}]}}