{"id":6500,"date":"2026-05-08T14:18:32","date_gmt":"2026-05-08T12:18:32","guid":{"rendered":"https:\/\/mjtxikimart.com\/?post_type=product&#038;p=6500"},"modified":"2026-05-08T14:22:57","modified_gmt":"2026-05-08T12:22:57","slug":"nagaraya-cacahuetes-crujientes-originales-160-gr","status":"publish","type":"product","link":"https:\/\/mjtxikimart.com\/es\/producto\/nagaraya-cacahuetes-crujientes-originales-160-gr\/","title":{"rendered":"NAGARAYA Cacahuetes crujientes originales 160 gr"},"content":{"rendered":"<p><img decoding=\"async\" class=\"alignnone wp-image-6492\" src=\"https:\/\/mjtxikimart.com\/wp-content\/uploads\/2026\/05\/FILIPINAS.png\" alt=\"\" width=\"83\" height=\"65\" \/> <img decoding=\"async\" class=\"alignnone wp-image-6495\" src=\"https:\/\/mjtxikimart.com\/wp-content\/uploads\/2026\/05\/VEGETARIANO-VEGANO.png\" alt=\"\" width=\"53\" height=\"67\" srcset=\"https:\/\/mjtxikimart.com\/wp-content\/uploads\/2026\/05\/VEGETARIANO-VEGANO.png 44w, https:\/\/mjtxikimart.com\/wp-content\/uploads\/2026\/05\/VEGETARIANO-VEGANO-42x54.png 42w\" sizes=\"(max-width: 53px) 100vw, 53px\" \/> <img decoding=\"async\" class=\"alignnone wp-image-6493\" src=\"https:\/\/mjtxikimart.com\/wp-content\/uploads\/2026\/05\/GLUTEN.png\" alt=\"\" width=\"62\" height=\"68\" \/> <img loading=\"lazy\" decoding=\"async\" class=\"alignnone wp-image-6491\" src=\"https:\/\/mjtxikimart.com\/wp-content\/uploads\/2026\/05\/CACAHUETE.png\" alt=\"\" width=\"74\" height=\"62\" \/><\/p>\n","protected":false},"excerpt":{"rendered":"<h3><span data-subtree=\"aimfl\" data-processed=\"true\" data-copy-service-computed-style=\"font-family: &quot;Google Sans&quot;, Arial, sans-serif; font-size: 16px; font-weight: 400; margin: 0px; text-decoration: none; border-bottom: 0px rgb(10, 10, 10);\"><span dir=\"auto\" style=\"vertical-align: inherit;\"><span dir=\"auto\" style=\"vertical-align: inherit;\"><span dir=\"auto\" style=\"vertical-align: inherit;\"><span dir=\"auto\" style=\"vertical-align: inherit;\">Los Nagaraya<\/span><\/span><\/span><\/span><\/span><span dir=\"auto\" style=\"vertical-align: inherit;\"><span dir=\"auto\" style=\"vertical-align: inherit;\"><span dir=\"auto\" style=\"vertical-align: inherit;\"><span dir=\"auto\" style=\"vertical-align: inherit;\"> Original Cracker Nuts <\/span><\/span><\/span><span dir=\"auto\" style=\"vertical-align: inherit;\"><span dir=\"auto\" style=\"vertical-align: inherit;\"><span dir=\"auto\" style=\"vertical-align: inherit;\">de 160 g <\/span><\/span><\/span><\/span><!--TgQPHd|[]--><span dir=\"auto\" style=\"vertical-align: inherit;\"><span dir=\"auto\" style=\"vertical-align: inherit;\"><span dir=\"auto\" style=\"vertical-align: inherit;\"><span dir=\"auto\" style=\"vertical-align: inherit;\">son <\/span><\/span><\/span><\/span><!--qkimaf EshWHf_j\/HugV6--><!--cqw1tb EshWHf_j\/HugV6--><span dir=\"auto\" style=\"vertical-align: inherit;\"><span dir=\"auto\" style=\"vertical-align: inherit;\"><span dir=\"auto\" style=\"vertical-align: inherit;\"><span dir=\"auto\" style=\"vertical-align: inherit;\">uno de los snacks m\u00e1s emblem\u00e1ticos de Filipinas, conocidos por su caracter\u00edstica capa crujiente de galleta sobre cacahuetes de alta calidad <\/span><\/span><\/span><\/span><!--TgQPHd|[]--><span dir=\"auto\" style=\"vertical-align: inherit;\"><span dir=\"auto\" style=\"vertical-align: inherit;\"><span dir=\"auto\" style=\"vertical-align: inherit;\"><span dir=\"auto\" style=\"vertical-align: inherit;\">.<\/span><\/span><\/span><\/span><\/h3>\n<ul>\n<li class=\"Z1qcYe\" data-sfc-cp=\"\" data-sfc-root=\"c\" data-sfc-cb=\"\" data-hveid=\"CAEIBBAA\" data-complete=\"true\" data-sae=\"\" data-copy-service-computed-style=\"font-family: &quot;Google Sans&quot;, Arial, sans-serif; font-size: 16px; font-weight: 400; margin: 0px 0px 8px; text-decoration: none; border-bottom: 0px rgb(10, 10, 10);\"><span class=\"T286Pc\" data-sfc-cp=\"\" data-sfc-root=\"c\" data-sfc-cb=\"\" data-complete=\"true\" data-copy-service-computed-style=\"font-family: &quot;Google Sans&quot;, Arial, sans-serif; font-size: 16px; font-weight: 400; margin: 0px; text-decoration: none; border-bottom: 0px rgb(10, 10, 10);\"><strong class=\"Yjhzub\" data-sfc-root=\"c\" data-sfc-cb=\"\" data-complete=\"true\" data-copy-service-computed-style=\"font-family: &quot;Google Sans&quot;, Arial, sans-serif; font-size: 16px; font-weight: 600; margin: 0px; text-decoration: none; border-bottom: 0px rgb(10, 10, 10);\"><span dir=\"auto\" style=\"vertical-align: inherit;\"><span dir=\"auto\" style=\"vertical-align: inherit;\"><span dir=\"auto\" style=\"vertical-align: inherit;\"><span dir=\"auto\" style=\"vertical-align: inherit;\">Contenido:<\/span><\/span><\/span><\/span><!--TgQPHd|[]--><\/strong><span dir=\"auto\" style=\"vertical-align: inherit;\"><span dir=\"auto\" style=\"vertical-align: inherit;\"><span dir=\"auto\" style=\"vertical-align: inherit;\"><span dir=\"auto\" style=\"vertical-align: inherit;\"> Cacahuetes (aproximadamente un 70%) envueltos en una capa a base de harina de trigo.<\/span><\/span><\/span><\/span><!--TgQPHd|[]--><\/span><!--TgQPHd|[]--><\/li>\n<li class=\"Z1qcYe\" data-sfc-cp=\"\" data-sfc-root=\"c\" data-sfc-cb=\"\" data-hveid=\"CAEIBBAB\" data-complete=\"true\" data-sae=\"\" data-copy-service-computed-style=\"font-family: &quot;Google Sans&quot;, Arial, sans-serif; font-size: 16px; font-weight: 400; margin: 0px 0px 8px; text-decoration: none; border-bottom: 0px rgb(10, 10, 10);\"><span class=\"T286Pc\" data-sfc-cp=\"\" data-sfc-root=\"c\" data-sfc-cb=\"\" data-complete=\"true\" data-copy-service-computed-style=\"font-family: &quot;Google Sans&quot;, Arial, sans-serif; font-size: 16px; font-weight: 400; margin: 0px; text-decoration: none; border-bottom: 0px rgb(10, 10, 10);\"><strong class=\"Yjhzub\" data-sfc-root=\"c\" data-sfc-cb=\"\" data-complete=\"true\" data-copy-service-computed-style=\"font-family: &quot;Google Sans&quot;, Arial, sans-serif; font-size: 16px; font-weight: 600; margin: 0px; text-decoration: none; border-bottom: 0px rgb(10, 10, 10);\"><span dir=\"auto\" style=\"vertical-align: inherit;\"><span dir=\"auto\" style=\"vertical-align: inherit;\"><span dir=\"auto\" style=\"vertical-align: inherit;\"><span dir=\"auto\" style=\"vertical-align: inherit;\">Perfil nutricional:<\/span><\/span><\/span><\/span><!--TgQPHd|[]--><\/strong><span dir=\"auto\" style=\"vertical-align: inherit;\"><span dir=\"auto\" style=\"vertical-align: inherit;\"><span dir=\"auto\" style=\"vertical-align: inherit;\"><span dir=\"auto\" style=\"vertical-align: inherit;\"> No contienen grasas trans ni colesterol.<\/span><\/span><\/span><\/span><!--TgQPHd|[]--><\/span><!--TgQPHd|[]--><\/li>\n<li class=\"Z1qcYe\" data-sfc-cp=\"\" data-sfc-root=\"c\" data-sfc-cb=\"\" data-hveid=\"CAEIBBAC\" data-complete=\"true\" data-sae=\"\" data-copy-service-computed-style=\"font-family: &quot;Google Sans&quot;, Arial, sans-serif; font-size: 16px; font-weight: 400; margin: 0px 0px 8px; text-decoration: none; border-bottom: 0px rgb(10, 10, 10);\"><span class=\"T286Pc\" data-sfc-cp=\"\" data-sfc-root=\"c\" data-sfc-cb=\"\" data-complete=\"true\" aria-owns=\"action-menu-parent-container\" data-copy-service-computed-style=\"font-family: &quot;Google Sans&quot;, Arial, sans-serif; font-size: 16px; font-weight: 400; margin: 0px; text-decoration: none; border-bottom: 0px rgb(10, 10, 10);\"><strong class=\"Yjhzub\" data-sfc-root=\"c\" data-sfc-cb=\"\" data-complete=\"true\" data-copy-service-computed-style=\"font-family: &quot;Google Sans&quot;, Arial, sans-serif; font-size: 16px; font-weight: 600; margin: 0px; text-decoration: none; border-bottom: 0px rgb(10, 10, 10);\"><span dir=\"auto\" style=\"vertical-align: inherit;\"><span dir=\"auto\" style=\"vertical-align: inherit;\"><span dir=\"auto\" style=\"vertical-align: inherit;\"><span dir=\"auto\" style=\"vertical-align: inherit;\">Sabor:<\/span><\/span><\/span><\/span><!--TgQPHd|[]--><\/strong><span dir=\"auto\" style=\"vertical-align: inherit;\"><span dir=\"auto\" style=\"vertical-align: inherit;\"><span dir=\"auto\" style=\"vertical-align: inherit;\"><span dir=\"auto\" style=\"vertical-align: inherit;\"> La versi\u00f3n &#8220;Original&#8221; tiene un ligero sabor a mantequilla y sal, dise\u00f1ado para realzar el sabor natural del cacahuete.<\/span><\/span><\/span><\/span><\/span><\/li>\n<\/ul>\n<p><img decoding=\"async\" class=\"alignnone wp-image-6492\" src=\"https:\/\/mjtxikimart.com\/wp-content\/uploads\/2026\/05\/FILIPINAS.png\" alt=\"\" width=\"83\" height=\"65\" \/> <img decoding=\"async\" class=\"alignnone wp-image-6495\" src=\"https:\/\/mjtxikimart.com\/wp-content\/uploads\/2026\/05\/VEGETARIANO-VEGANO.png\" alt=\"\" width=\"53\" height=\"67\" srcset=\"https:\/\/mjtxikimart.com\/wp-content\/uploads\/2026\/05\/VEGETARIANO-VEGANO.png 44w, https:\/\/mjtxikimart.com\/wp-content\/uploads\/2026\/05\/VEGETARIANO-VEGANO-42x54.png 42w\" sizes=\"(max-width: 53px) 100vw, 53px\" \/> <img decoding=\"async\" class=\"alignnone wp-image-6493\" src=\"https:\/\/mjtxikimart.com\/wp-content\/uploads\/2026\/05\/GLUTEN.png\" alt=\"\" width=\"62\" height=\"68\" \/> <img loading=\"lazy\" decoding=\"async\" class=\"alignnone wp-image-6491\" src=\"https:\/\/mjtxikimart.com\/wp-content\/uploads\/2026\/05\/CACAHUETE.png\" alt=\"\" width=\"74\" height=\"62\" \/><\/p>\n","protected":false},"featured_media":6499,"template":"","meta":[],"product_brand":[],"product_cat":[164,178],"product_tag":[587,578],"class_list":{"0":"post-6500","1":"product","2":"type-product","3":"status-publish","4":"has-post-thumbnail","6":"product_cat-dulces-y-snacks","7":"product_cat-filipinas","8":"product_tag-nagaraya","9":"product_tag-original","11":"first","12":"instock","13":"taxable","14":"shipping-taxable","15":"purchasable","16":"product-type-simple"},"yoast_head":"<!-- This site is optimized with the Yoast SEO plugin v26.6 - https:\/\/yoast.com\/wordpress\/plugins\/seo\/ -->\n<title>NAGARAYA Cacahuetes crujientes originales 160 gr - MjTxikimart<\/title>\n<meta name=\"robots\" content=\"index, follow, max-snippet:-1, max-image-preview:large, max-video-preview:-1\" \/>\n<link rel=\"canonical\" href=\"https:\/\/mjtxikimart.com\/producto\/nagaraya-original-cracker-nuts-peanuts-160gr\/\" \/>\n<meta property=\"og:locale\" content=\"es_ES\" \/>\n<meta property=\"og:type\" content=\"article\" \/>\n<meta property=\"og:title\" content=\"NAGARAYA Cacahuetes crujientes originales 160 gr - MjTxikimart\" \/>\n<meta property=\"og:description\" content=\"Los Nagaraya Original Cracker Nuts de 160 g son uno de los snacks m\u00e1s emblem\u00e1ticos de Filipinas, conocidos por su caracter\u00edstica capa crujiente de galleta sobre cacahuetes de alta calidad .   Contenido: Cacahuetes (aproximadamente un 70%) envueltos en una capa a base de harina de trigo.  Perfil nutricional: No contienen grasas trans ni colesterol.  Sabor: La versi\u00f3n &quot;Original&quot; tiene un ligero sabor a mantequilla y sal, dise\u00f1ado para realzar el sabor natural del cacahuete.\" \/>\n<meta property=\"og:url\" content=\"https:\/\/mjtxikimart.com\/producto\/nagaraya-original-cracker-nuts-peanuts-160gr\/\" \/>\n<meta property=\"og:site_name\" content=\"MjTxikimart\" \/>\n<meta property=\"article:modified_time\" content=\"2026-05-08T12:22:57+00:00\" \/>\n<meta property=\"og:image\" content=\"https:\/\/mjtxikimart.com\/wp-content\/uploads\/2026\/05\/NAGARAYA-ORIG.png\" \/>\n\t<meta property=\"og:image:width\" content=\"900\" \/>\n\t<meta property=\"og:image:height\" content=\"900\" \/>\n\t<meta property=\"og:image:type\" content=\"image\/png\" \/>\n<meta name=\"twitter:card\" content=\"summary_large_image\" \/>\n<meta name=\"twitter:label1\" content=\"Tiempo de lectura\" \/>\n\t<meta name=\"twitter:data1\" content=\"1 minuto\" \/>\n<script type=\"application\/ld+json\" class=\"yoast-schema-graph\">{\"@context\":\"https:\/\/schema.org\",\"@graph\":[{\"@type\":\"WebPage\",\"@id\":\"https:\/\/mjtxikimart.com\/producto\/nagaraya-original-cracker-nuts-peanuts-160gr\/\",\"url\":\"https:\/\/mjtxikimart.com\/producto\/nagaraya-original-cracker-nuts-peanuts-160gr\/\",\"name\":\"NAGARAYA Cacahuetes crujientes originales 160 gr - MjTxikimart\",\"isPartOf\":{\"@id\":\"https:\/\/mjtxikimart.com\/#website\"},\"primaryImageOfPage\":{\"@id\":\"https:\/\/mjtxikimart.com\/producto\/nagaraya-original-cracker-nuts-peanuts-160gr\/#primaryimage\"},\"image\":{\"@id\":\"https:\/\/mjtxikimart.com\/producto\/nagaraya-original-cracker-nuts-peanuts-160gr\/#primaryimage\"},\"thumbnailUrl\":\"https:\/\/mjtxikimart.com\/wp-content\/uploads\/2026\/05\/NAGARAYA-ORIG.png\",\"datePublished\":\"2026-05-08T12:18:32+00:00\",\"dateModified\":\"2026-05-08T12:22:57+00:00\",\"breadcrumb\":{\"@id\":\"https:\/\/mjtxikimart.com\/producto\/nagaraya-original-cracker-nuts-peanuts-160gr\/#breadcrumb\"},\"inLanguage\":\"es\",\"potentialAction\":[{\"@type\":\"ReadAction\",\"target\":[\"https:\/\/mjtxikimart.com\/producto\/nagaraya-original-cracker-nuts-peanuts-160gr\/\"]}]},{\"@type\":\"ImageObject\",\"inLanguage\":\"es\",\"@id\":\"https:\/\/mjtxikimart.com\/producto\/nagaraya-original-cracker-nuts-peanuts-160gr\/#primaryimage\",\"url\":\"https:\/\/mjtxikimart.com\/wp-content\/uploads\/2026\/05\/NAGARAYA-ORIG.png\",\"contentUrl\":\"https:\/\/mjtxikimart.com\/wp-content\/uploads\/2026\/05\/NAGARAYA-ORIG.png\",\"width\":900,\"height\":900},{\"@type\":\"BreadcrumbList\",\"@id\":\"https:\/\/mjtxikimart.com\/producto\/nagaraya-original-cracker-nuts-peanuts-160gr\/#breadcrumb\",\"itemListElement\":[{\"@type\":\"ListItem\",\"position\":1,\"name\":\"Home\",\"item\":\"https:\/\/mjtxikimart.com\/es\/\"},{\"@type\":\"ListItem\",\"position\":2,\"name\":\"Tienda\",\"item\":\"https:\/\/mjtxikimart.com\/es\/tienda\/\"},{\"@type\":\"ListItem\",\"position\":3,\"name\":\"NAGARAYA Cacahuetes crujientes originales 160 gr\"}]},{\"@type\":\"WebSite\",\"@id\":\"https:\/\/mjtxikimart.com\/#website\",\"url\":\"https:\/\/mjtxikimart.com\/\",\"name\":\"MjTxikimart\",\"description\":\"Comida Asi\u00e1tica Alimentaci\u00f3n\",\"potentialAction\":[{\"@type\":\"SearchAction\",\"target\":{\"@type\":\"EntryPoint\",\"urlTemplate\":\"https:\/\/mjtxikimart.com\/?s={search_term_string}\"},\"query-input\":{\"@type\":\"PropertyValueSpecification\",\"valueRequired\":true,\"valueName\":\"search_term_string\"}}],\"inLanguage\":\"es\"}]}<\/script>\n<!-- \/ Yoast SEO plugin. -->","yoast_head_json":{"title":"NAGARAYA Cacahuetes crujientes originales 160 gr - MjTxikimart","robots":{"index":"index","follow":"follow","max-snippet":"max-snippet:-1","max-image-preview":"max-image-preview:large","max-video-preview":"max-video-preview:-1"},"canonical":"https:\/\/mjtxikimart.com\/producto\/nagaraya-original-cracker-nuts-peanuts-160gr\/","og_locale":"es_ES","og_type":"article","og_title":"NAGARAYA Cacahuetes crujientes originales 160 gr - MjTxikimart","og_description":"Los Nagaraya Original Cracker Nuts de 160 g son uno de los snacks m\u00e1s emblem\u00e1ticos de Filipinas, conocidos por su caracter\u00edstica capa crujiente de galleta sobre cacahuetes de alta calidad .   Contenido: Cacahuetes (aproximadamente un 70%) envueltos en una capa a base de harina de trigo.  Perfil nutricional: No contienen grasas trans ni colesterol.  Sabor: La versi\u00f3n \"Original\" tiene un ligero sabor a mantequilla y sal, dise\u00f1ado para realzar el sabor natural del cacahuete.","og_url":"https:\/\/mjtxikimart.com\/producto\/nagaraya-original-cracker-nuts-peanuts-160gr\/","og_site_name":"MjTxikimart","article_modified_time":"2026-05-08T12:22:57+00:00","og_image":[{"width":900,"height":900,"url":"https:\/\/mjtxikimart.com\/wp-content\/uploads\/2026\/05\/NAGARAYA-ORIG.png","type":"image\/png"}],"twitter_card":"summary_large_image","twitter_misc":{"Tiempo de lectura":"1 minuto"},"schema":{"@context":"https:\/\/schema.org","@graph":[{"@type":"WebPage","@id":"https:\/\/mjtxikimart.com\/producto\/nagaraya-original-cracker-nuts-peanuts-160gr\/","url":"https:\/\/mjtxikimart.com\/producto\/nagaraya-original-cracker-nuts-peanuts-160gr\/","name":"NAGARAYA Cacahuetes crujientes originales 160 gr - MjTxikimart","isPartOf":{"@id":"https:\/\/mjtxikimart.com\/#website"},"primaryImageOfPage":{"@id":"https:\/\/mjtxikimart.com\/producto\/nagaraya-original-cracker-nuts-peanuts-160gr\/#primaryimage"},"image":{"@id":"https:\/\/mjtxikimart.com\/producto\/nagaraya-original-cracker-nuts-peanuts-160gr\/#primaryimage"},"thumbnailUrl":"https:\/\/mjtxikimart.com\/wp-content\/uploads\/2026\/05\/NAGARAYA-ORIG.png","datePublished":"2026-05-08T12:18:32+00:00","dateModified":"2026-05-08T12:22:57+00:00","breadcrumb":{"@id":"https:\/\/mjtxikimart.com\/producto\/nagaraya-original-cracker-nuts-peanuts-160gr\/#breadcrumb"},"inLanguage":"es","potentialAction":[{"@type":"ReadAction","target":["https:\/\/mjtxikimart.com\/producto\/nagaraya-original-cracker-nuts-peanuts-160gr\/"]}]},{"@type":"ImageObject","inLanguage":"es","@id":"https:\/\/mjtxikimart.com\/producto\/nagaraya-original-cracker-nuts-peanuts-160gr\/#primaryimage","url":"https:\/\/mjtxikimart.com\/wp-content\/uploads\/2026\/05\/NAGARAYA-ORIG.png","contentUrl":"https:\/\/mjtxikimart.com\/wp-content\/uploads\/2026\/05\/NAGARAYA-ORIG.png","width":900,"height":900},{"@type":"BreadcrumbList","@id":"https:\/\/mjtxikimart.com\/producto\/nagaraya-original-cracker-nuts-peanuts-160gr\/#breadcrumb","itemListElement":[{"@type":"ListItem","position":1,"name":"Home","item":"https:\/\/mjtxikimart.com\/es\/"},{"@type":"ListItem","position":2,"name":"Tienda","item":"https:\/\/mjtxikimart.com\/es\/tienda\/"},{"@type":"ListItem","position":3,"name":"NAGARAYA Cacahuetes crujientes originales 160 gr"}]},{"@type":"WebSite","@id":"https:\/\/mjtxikimart.com\/#website","url":"https:\/\/mjtxikimart.com\/","name":"MjTxikimart","description":"Comida Asi\u00e1tica Alimentaci\u00f3n","potentialAction":[{"@type":"SearchAction","target":{"@type":"EntryPoint","urlTemplate":"https:\/\/mjtxikimart.com\/?s={search_term_string}"},"query-input":{"@type":"PropertyValueSpecification","valueRequired":true,"valueName":"search_term_string"}}],"inLanguage":"es"}]}},"jetpack_sharing_enabled":true,"_links":{"self":[{"href":"https:\/\/mjtxikimart.com\/es\/wp-json\/wp\/v2\/product\/6500","targetHints":{"allow":["GET"]}}],"collection":[{"href":"https:\/\/mjtxikimart.com\/es\/wp-json\/wp\/v2\/product"}],"about":[{"href":"https:\/\/mjtxikimart.com\/es\/wp-json\/wp\/v2\/types\/product"}],"wp:featuredmedia":[{"embeddable":true,"href":"https:\/\/mjtxikimart.com\/es\/wp-json\/wp\/v2\/media\/6499"}],"wp:attachment":[{"href":"https:\/\/mjtxikimart.com\/es\/wp-json\/wp\/v2\/media?parent=6500"}],"wp:term":[{"taxonomy":"product_brand","embeddable":true,"href":"https:\/\/mjtxikimart.com\/es\/wp-json\/wp\/v2\/product_brand?post=6500"},{"taxonomy":"product_cat","embeddable":true,"href":"https:\/\/mjtxikimart.com\/es\/wp-json\/wp\/v2\/product_cat?post=6500"},{"taxonomy":"product_tag","embeddable":true,"href":"https:\/\/mjtxikimart.com\/es\/wp-json\/wp\/v2\/product_tag?post=6500"}],"curies":[{"name":"wp","href":"https:\/\/api.w.org\/{rel}","templated":true}]}}