{"id":6331,"date":"2026-04-04T12:12:11","date_gmt":"2026-04-04T10:12:11","guid":{"rendered":"https:\/\/mjtxikimart.com\/?post_type=product&#038;p=6331"},"modified":"2026-04-04T12:13:43","modified_gmt":"2026-04-04T10:13:43","slug":"datu-puti-salsa-soja-385-ml","status":"publish","type":"product","link":"https:\/\/mjtxikimart.com\/es\/producto\/datu-puti-salsa-soja-385-ml\/","title":{"rendered":"DATU PUTI SALSA SOJA 385 ml"},"content":{"rendered":"<p><img decoding=\"async\" class=\"alignnone size-full wp-image-6128\" src=\"https:\/\/mjtxikimart.com\/wp-content\/uploads\/2026\/03\/FILIPINAS.png\" alt=\"\" width=\"70\" height=\"55\" \/> <img decoding=\"async\" class=\"alignnone size-full wp-image-5381\" src=\"https:\/\/mjtxikimart.com\/wp-content\/uploads\/2026\/02\/VEGETARIANO-VEGANO-2.png\" alt=\"\" width=\"44\" height=\"56\" srcset=\"https:\/\/mjtxikimart.com\/wp-content\/uploads\/2026\/02\/VEGETARIANO-VEGANO-2.png 44w, https:\/\/mjtxikimart.com\/wp-content\/uploads\/2026\/02\/VEGETARIANO-VEGANO-2-42x54.png 42w\" sizes=\"(max-width: 44px) 100vw, 44px\" \/><\/p>\n","protected":false},"excerpt":{"rendered":"<h3>La salsa de soja Datu Puti (385 ml) es un condimento filipino de primera calidad, conocido por su sabor &#8220;linamnam&#8221; (intenso, sabroso\/umami), que equilibra notas saladas y ligeramente dulces. Este l\u00edquido de color marr\u00f3n oscuro a casi negro, perfecto para marinadas, salsas para mojar y adobo, es un ingrediente b\u00e1sico y vers\u00e1til en la cocina.<\/h3>\n<p><img decoding=\"async\" class=\"alignnone size-full wp-image-6128\" src=\"https:\/\/mjtxikimart.com\/wp-content\/uploads\/2026\/03\/FILIPINAS.png\" alt=\"\" width=\"70\" height=\"55\" \/> <img decoding=\"async\" class=\"alignnone size-full wp-image-5381\" src=\"https:\/\/mjtxikimart.com\/wp-content\/uploads\/2026\/02\/VEGETARIANO-VEGANO-2.png\" alt=\"\" width=\"44\" height=\"56\" srcset=\"https:\/\/mjtxikimart.com\/wp-content\/uploads\/2026\/02\/VEGETARIANO-VEGANO-2.png 44w, https:\/\/mjtxikimart.com\/wp-content\/uploads\/2026\/02\/VEGETARIANO-VEGANO-2-42x54.png 42w\" sizes=\"(max-width: 44px) 100vw, 44px\" \/><\/p>\n","protected":false},"featured_media":6330,"template":"","meta":[],"product_brand":[],"product_cat":[178,163],"product_tag":[819],"class_list":{"0":"post-6331","1":"product","2":"type-product","3":"status-publish","4":"has-post-thumbnail","6":"product_cat-filipinas","7":"product_cat-salsas-sazonadores-y-condimentos","8":"product_tag-datu-puti","10":"first","11":"outofstock","12":"taxable","13":"shipping-taxable","14":"purchasable","15":"product-type-simple"},"yoast_head":"<!-- This site is optimized with the Yoast SEO plugin v26.6 - https:\/\/yoast.com\/wordpress\/plugins\/seo\/ -->\n<title>DATU PUTI SALSA SOJA 385 ml - MjTxikimart<\/title>\n<meta name=\"robots\" content=\"index, follow, max-snippet:-1, max-image-preview:large, max-video-preview:-1\" \/>\n<link rel=\"canonical\" href=\"https:\/\/mjtxikimart.com\/es\/producto\/datu-puti-salsa-soja-385-ml\/\" \/>\n<meta property=\"og:locale\" content=\"es_ES\" \/>\n<meta property=\"og:type\" content=\"article\" \/>\n<meta property=\"og:title\" content=\"DATU PUTI SALSA SOJA 385 ml - MjTxikimart\" \/>\n<meta property=\"og:description\" content=\"La salsa de soja Datu Puti (385 ml) es un condimento filipino de primera calidad, conocido por su sabor &quot;linamnam&quot; (intenso, sabroso\/umami), que equilibra notas saladas y ligeramente dulces. Este l\u00edquido de color marr\u00f3n oscuro a casi negro, perfecto para marinadas, salsas para mojar y adobo, es un ingrediente b\u00e1sico y vers\u00e1til en la cocina.\" \/>\n<meta property=\"og:url\" content=\"https:\/\/mjtxikimart.com\/es\/producto\/datu-puti-salsa-soja-385-ml\/\" \/>\n<meta property=\"og:site_name\" content=\"MjTxikimart\" \/>\n<meta property=\"article:modified_time\" content=\"2026-04-04T10:13:43+00:00\" \/>\n<meta property=\"og:image\" content=\"https:\/\/mjtxikimart.com\/wp-content\/uploads\/2026\/04\/datu-puti-soy-peq.png\" \/>\n\t<meta property=\"og:image:width\" content=\"900\" \/>\n\t<meta property=\"og:image:height\" content=\"900\" \/>\n\t<meta property=\"og:image:type\" content=\"image\/png\" \/>\n<meta name=\"twitter:card\" content=\"summary_large_image\" \/>\n<meta name=\"twitter:label1\" content=\"Tiempo de lectura\" \/>\n\t<meta name=\"twitter:data1\" content=\"1 minuto\" \/>\n<script type=\"application\/ld+json\" class=\"yoast-schema-graph\">{\"@context\":\"https:\/\/schema.org\",\"@graph\":[{\"@type\":\"WebPage\",\"@id\":\"https:\/\/mjtxikimart.com\/es\/producto\/datu-puti-salsa-soja-385-ml\/\",\"url\":\"https:\/\/mjtxikimart.com\/es\/producto\/datu-puti-salsa-soja-385-ml\/\",\"name\":\"DATU PUTI SALSA SOJA 385 ml - MjTxikimart\",\"isPartOf\":{\"@id\":\"https:\/\/mjtxikimart.com\/#website\"},\"primaryImageOfPage\":{\"@id\":\"https:\/\/mjtxikimart.com\/es\/producto\/datu-puti-salsa-soja-385-ml\/#primaryimage\"},\"image\":{\"@id\":\"https:\/\/mjtxikimart.com\/es\/producto\/datu-puti-salsa-soja-385-ml\/#primaryimage\"},\"thumbnailUrl\":\"https:\/\/mjtxikimart.com\/wp-content\/uploads\/2026\/04\/datu-puti-soy-peq.png\",\"datePublished\":\"2026-04-04T10:12:11+00:00\",\"dateModified\":\"2026-04-04T10:13:43+00:00\",\"breadcrumb\":{\"@id\":\"https:\/\/mjtxikimart.com\/es\/producto\/datu-puti-salsa-soja-385-ml\/#breadcrumb\"},\"inLanguage\":\"es\",\"potentialAction\":[{\"@type\":\"ReadAction\",\"target\":[\"https:\/\/mjtxikimart.com\/es\/producto\/datu-puti-salsa-soja-385-ml\/\"]}]},{\"@type\":\"ImageObject\",\"inLanguage\":\"es\",\"@id\":\"https:\/\/mjtxikimart.com\/es\/producto\/datu-puti-salsa-soja-385-ml\/#primaryimage\",\"url\":\"https:\/\/mjtxikimart.com\/wp-content\/uploads\/2026\/04\/datu-puti-soy-peq.png\",\"contentUrl\":\"https:\/\/mjtxikimart.com\/wp-content\/uploads\/2026\/04\/datu-puti-soy-peq.png\",\"width\":900,\"height\":900},{\"@type\":\"BreadcrumbList\",\"@id\":\"https:\/\/mjtxikimart.com\/es\/producto\/datu-puti-salsa-soja-385-ml\/#breadcrumb\",\"itemListElement\":[{\"@type\":\"ListItem\",\"position\":1,\"name\":\"Home\",\"item\":\"https:\/\/mjtxikimart.com\/es\/\"},{\"@type\":\"ListItem\",\"position\":2,\"name\":\"Tienda\",\"item\":\"https:\/\/mjtxikimart.com\/es\/tienda\/\"},{\"@type\":\"ListItem\",\"position\":3,\"name\":\"DATU PUTI SALSA SOJA 385 ml\"}]},{\"@type\":\"WebSite\",\"@id\":\"https:\/\/mjtxikimart.com\/#website\",\"url\":\"https:\/\/mjtxikimart.com\/\",\"name\":\"MjTxikimart\",\"description\":\"Comida Asi\u00e1tica Alimentaci\u00f3n\",\"potentialAction\":[{\"@type\":\"SearchAction\",\"target\":{\"@type\":\"EntryPoint\",\"urlTemplate\":\"https:\/\/mjtxikimart.com\/?s={search_term_string}\"},\"query-input\":{\"@type\":\"PropertyValueSpecification\",\"valueRequired\":true,\"valueName\":\"search_term_string\"}}],\"inLanguage\":\"es\"}]}<\/script>\n<!-- \/ Yoast SEO plugin. -->","yoast_head_json":{"title":"DATU PUTI SALSA SOJA 385 ml - MjTxikimart","robots":{"index":"index","follow":"follow","max-snippet":"max-snippet:-1","max-image-preview":"max-image-preview:large","max-video-preview":"max-video-preview:-1"},"canonical":"https:\/\/mjtxikimart.com\/es\/producto\/datu-puti-salsa-soja-385-ml\/","og_locale":"es_ES","og_type":"article","og_title":"DATU PUTI SALSA SOJA 385 ml - MjTxikimart","og_description":"La salsa de soja Datu Puti (385 ml) es un condimento filipino de primera calidad, conocido por su sabor \"linamnam\" (intenso, sabroso\/umami), que equilibra notas saladas y ligeramente dulces. Este l\u00edquido de color marr\u00f3n oscuro a casi negro, perfecto para marinadas, salsas para mojar y adobo, es un ingrediente b\u00e1sico y vers\u00e1til en la cocina.","og_url":"https:\/\/mjtxikimart.com\/es\/producto\/datu-puti-salsa-soja-385-ml\/","og_site_name":"MjTxikimart","article_modified_time":"2026-04-04T10:13:43+00:00","og_image":[{"width":900,"height":900,"url":"https:\/\/mjtxikimart.com\/wp-content\/uploads\/2026\/04\/datu-puti-soy-peq.png","type":"image\/png"}],"twitter_card":"summary_large_image","twitter_misc":{"Tiempo de lectura":"1 minuto"},"schema":{"@context":"https:\/\/schema.org","@graph":[{"@type":"WebPage","@id":"https:\/\/mjtxikimart.com\/es\/producto\/datu-puti-salsa-soja-385-ml\/","url":"https:\/\/mjtxikimart.com\/es\/producto\/datu-puti-salsa-soja-385-ml\/","name":"DATU PUTI SALSA SOJA 385 ml - MjTxikimart","isPartOf":{"@id":"https:\/\/mjtxikimart.com\/#website"},"primaryImageOfPage":{"@id":"https:\/\/mjtxikimart.com\/es\/producto\/datu-puti-salsa-soja-385-ml\/#primaryimage"},"image":{"@id":"https:\/\/mjtxikimart.com\/es\/producto\/datu-puti-salsa-soja-385-ml\/#primaryimage"},"thumbnailUrl":"https:\/\/mjtxikimart.com\/wp-content\/uploads\/2026\/04\/datu-puti-soy-peq.png","datePublished":"2026-04-04T10:12:11+00:00","dateModified":"2026-04-04T10:13:43+00:00","breadcrumb":{"@id":"https:\/\/mjtxikimart.com\/es\/producto\/datu-puti-salsa-soja-385-ml\/#breadcrumb"},"inLanguage":"es","potentialAction":[{"@type":"ReadAction","target":["https:\/\/mjtxikimart.com\/es\/producto\/datu-puti-salsa-soja-385-ml\/"]}]},{"@type":"ImageObject","inLanguage":"es","@id":"https:\/\/mjtxikimart.com\/es\/producto\/datu-puti-salsa-soja-385-ml\/#primaryimage","url":"https:\/\/mjtxikimart.com\/wp-content\/uploads\/2026\/04\/datu-puti-soy-peq.png","contentUrl":"https:\/\/mjtxikimart.com\/wp-content\/uploads\/2026\/04\/datu-puti-soy-peq.png","width":900,"height":900},{"@type":"BreadcrumbList","@id":"https:\/\/mjtxikimart.com\/es\/producto\/datu-puti-salsa-soja-385-ml\/#breadcrumb","itemListElement":[{"@type":"ListItem","position":1,"name":"Home","item":"https:\/\/mjtxikimart.com\/es\/"},{"@type":"ListItem","position":2,"name":"Tienda","item":"https:\/\/mjtxikimart.com\/es\/tienda\/"},{"@type":"ListItem","position":3,"name":"DATU PUTI SALSA SOJA 385 ml"}]},{"@type":"WebSite","@id":"https:\/\/mjtxikimart.com\/#website","url":"https:\/\/mjtxikimart.com\/","name":"MjTxikimart","description":"Comida Asi\u00e1tica Alimentaci\u00f3n","potentialAction":[{"@type":"SearchAction","target":{"@type":"EntryPoint","urlTemplate":"https:\/\/mjtxikimart.com\/?s={search_term_string}"},"query-input":{"@type":"PropertyValueSpecification","valueRequired":true,"valueName":"search_term_string"}}],"inLanguage":"es"}]}},"jetpack_sharing_enabled":true,"_links":{"self":[{"href":"https:\/\/mjtxikimart.com\/es\/wp-json\/wp\/v2\/product\/6331","targetHints":{"allow":["GET"]}}],"collection":[{"href":"https:\/\/mjtxikimart.com\/es\/wp-json\/wp\/v2\/product"}],"about":[{"href":"https:\/\/mjtxikimart.com\/es\/wp-json\/wp\/v2\/types\/product"}],"wp:featuredmedia":[{"embeddable":true,"href":"https:\/\/mjtxikimart.com\/es\/wp-json\/wp\/v2\/media\/6330"}],"wp:attachment":[{"href":"https:\/\/mjtxikimart.com\/es\/wp-json\/wp\/v2\/media?parent=6331"}],"wp:term":[{"taxonomy":"product_brand","embeddable":true,"href":"https:\/\/mjtxikimart.com\/es\/wp-json\/wp\/v2\/product_brand?post=6331"},{"taxonomy":"product_cat","embeddable":true,"href":"https:\/\/mjtxikimart.com\/es\/wp-json\/wp\/v2\/product_cat?post=6331"},{"taxonomy":"product_tag","embeddable":true,"href":"https:\/\/mjtxikimart.com\/es\/wp-json\/wp\/v2\/product_tag?post=6331"}],"curies":[{"name":"wp","href":"https:\/\/api.w.org\/{rel}","templated":true}]}}