{"id":5065,"date":"2026-01-30T19:15:21","date_gmt":"2026-01-30T18:15:21","guid":{"rendered":"https:\/\/mjtxikimart.com\/?post_type=product&#038;p=5065"},"modified":"2026-01-30T19:17:44","modified_gmt":"2026-01-30T18:17:44","slug":"likas-papaya-jabon-de-bano-herbal-blanqueador-de-piel-135-gr","status":"publish","type":"product","link":"https:\/\/mjtxikimart.com\/es\/producto\/likas-papaya-jabon-de-bano-herbal-blanqueador-de-piel-135-gr\/","title":{"rendered":"LIKAS PAPAYA JAB\u00d3N DE BA\u00d1O HERBAL BLANQUEADOR DE PIEL  135 gr"},"content":{"rendered":"","protected":false},"excerpt":{"rendered":"<h3><span dir=\"auto\" style=\"vertical-align: inherit;\"><span dir=\"auto\" style=\"vertical-align: inherit;\">El jab\u00f3n de ba\u00f1o herbal blanqueador de piel Likas Papaya se fabrica en Filipinas. El jab\u00f3n de papaya Likas\u00a0 <\/span><\/span><b><span dir=\"auto\" style=\"vertical-align: inherit;\"><span dir=\"auto\" style=\"vertical-align: inherit;\">blanquea la piel y est\u00e1 elaborado con hierbas org\u00e1nicas<\/span><\/span><\/b><span dir=\"auto\" style=\"vertical-align: inherit;\"><span dir=\"auto\" style=\"vertical-align: inherit;\"> . Su ingrediente principal es el extracto de papa\u00edna, proveniente de la papaya, que ayuda a descomponer ciertas prote\u00ednas, como las c\u00e9lulas muertas de la piel. Le da a la piel una apariencia juvenil y uniforme.<\/span><\/span><\/h3>\n<p><img decoding=\"async\" class=\"alignnone size-full wp-image-4680\" src=\"https:\/\/mjtxikimart.com\/wp-content\/uploads\/2025\/10\/TIENDA-ONLINE-12-1.png\" alt=\"\" width=\"64\" height=\"51\" \/><\/p>\n","protected":false},"featured_media":5063,"template":"","meta":[],"product_brand":[],"product_cat":[161],"product_tag":[921,922],"class_list":{"0":"post-5065","1":"product","2":"type-product","3":"status-publish","4":"has-post-thumbnail","6":"product_cat-parafarmacia","7":"product_tag-likas","8":"product_tag-papaya","10":"first","11":"instock","12":"taxable","13":"shipping-taxable","14":"purchasable","15":"product-type-simple"},"yoast_head":"<!-- This site is optimized with the Yoast SEO plugin v26.6 - https:\/\/yoast.com\/wordpress\/plugins\/seo\/ -->\n<title>LIKAS PAPAYA JAB\u00d3N DE BA\u00d1O HERBAL BLANQUEADOR DE PIEL 135 gr - MjTxikimart<\/title>\n<meta name=\"robots\" content=\"index, follow, max-snippet:-1, max-image-preview:large, max-video-preview:-1\" \/>\n<link rel=\"canonical\" href=\"https:\/\/mjtxikimart.com\/es\/producto\/likas-papaya-jabon-de-bano-herbal-blanqueador-de-piel-135-gr\/\" \/>\n<meta property=\"og:locale\" content=\"es_ES\" \/>\n<meta property=\"og:type\" content=\"article\" \/>\n<meta property=\"og:title\" content=\"LIKAS PAPAYA JAB\u00d3N DE BA\u00d1O HERBAL BLANQUEADOR DE PIEL 135 gr - MjTxikimart\" \/>\n<meta property=\"og:description\" content=\"El jab\u00f3n de ba\u00f1o herbal blanqueador de piel Likas Papaya se fabrica en Filipinas. El jab\u00f3n de papaya Likas\u00a0 blanquea la piel y est\u00e1 elaborado con hierbas org\u00e1nicas . Su ingrediente principal es el extracto de papa\u00edna, proveniente de la papaya, que ayuda a descomponer ciertas prote\u00ednas, como las c\u00e9lulas muertas de la piel. Le da a la piel una apariencia juvenil y uniforme.\" \/>\n<meta property=\"og:url\" content=\"https:\/\/mjtxikimart.com\/es\/producto\/likas-papaya-jabon-de-bano-herbal-blanqueador-de-piel-135-gr\/\" \/>\n<meta property=\"og:site_name\" content=\"MjTxikimart\" \/>\n<meta property=\"article:modified_time\" content=\"2026-01-30T18:17:44+00:00\" \/>\n<meta property=\"og:image\" content=\"https:\/\/mjtxikimart.com\/wp-content\/uploads\/2026\/01\/LIKAS-PAPAYA-2.png\" \/>\n\t<meta property=\"og:image:width\" content=\"900\" \/>\n\t<meta property=\"og:image:height\" content=\"900\" \/>\n\t<meta property=\"og:image:type\" content=\"image\/png\" \/>\n<meta name=\"twitter:card\" content=\"summary_large_image\" \/>\n<script type=\"application\/ld+json\" class=\"yoast-schema-graph\">{\"@context\":\"https:\/\/schema.org\",\"@graph\":[{\"@type\":\"WebPage\",\"@id\":\"https:\/\/mjtxikimart.com\/es\/producto\/likas-papaya-jabon-de-bano-herbal-blanqueador-de-piel-135-gr\/\",\"url\":\"https:\/\/mjtxikimart.com\/es\/producto\/likas-papaya-jabon-de-bano-herbal-blanqueador-de-piel-135-gr\/\",\"name\":\"LIKAS PAPAYA JAB\u00d3N DE BA\u00d1O HERBAL BLANQUEADOR DE PIEL 135 gr - MjTxikimart\",\"isPartOf\":{\"@id\":\"https:\/\/mjtxikimart.com\/#website\"},\"primaryImageOfPage\":{\"@id\":\"https:\/\/mjtxikimart.com\/es\/producto\/likas-papaya-jabon-de-bano-herbal-blanqueador-de-piel-135-gr\/#primaryimage\"},\"image\":{\"@id\":\"https:\/\/mjtxikimart.com\/es\/producto\/likas-papaya-jabon-de-bano-herbal-blanqueador-de-piel-135-gr\/#primaryimage\"},\"thumbnailUrl\":\"https:\/\/mjtxikimart.com\/wp-content\/uploads\/2026\/01\/LIKAS-PAPAYA-2.png\",\"datePublished\":\"2026-01-30T18:15:21+00:00\",\"dateModified\":\"2026-01-30T18:17:44+00:00\",\"breadcrumb\":{\"@id\":\"https:\/\/mjtxikimart.com\/es\/producto\/likas-papaya-jabon-de-bano-herbal-blanqueador-de-piel-135-gr\/#breadcrumb\"},\"inLanguage\":\"es\",\"potentialAction\":[{\"@type\":\"ReadAction\",\"target\":[\"https:\/\/mjtxikimart.com\/es\/producto\/likas-papaya-jabon-de-bano-herbal-blanqueador-de-piel-135-gr\/\"]}]},{\"@type\":\"ImageObject\",\"inLanguage\":\"es\",\"@id\":\"https:\/\/mjtxikimart.com\/es\/producto\/likas-papaya-jabon-de-bano-herbal-blanqueador-de-piel-135-gr\/#primaryimage\",\"url\":\"https:\/\/mjtxikimart.com\/wp-content\/uploads\/2026\/01\/LIKAS-PAPAYA-2.png\",\"contentUrl\":\"https:\/\/mjtxikimart.com\/wp-content\/uploads\/2026\/01\/LIKAS-PAPAYA-2.png\",\"width\":900,\"height\":900},{\"@type\":\"BreadcrumbList\",\"@id\":\"https:\/\/mjtxikimart.com\/es\/producto\/likas-papaya-jabon-de-bano-herbal-blanqueador-de-piel-135-gr\/#breadcrumb\",\"itemListElement\":[{\"@type\":\"ListItem\",\"position\":1,\"name\":\"Home\",\"item\":\"https:\/\/mjtxikimart.com\/es\/\"},{\"@type\":\"ListItem\",\"position\":2,\"name\":\"Tienda\",\"item\":\"https:\/\/mjtxikimart.com\/es\/tienda\/\"},{\"@type\":\"ListItem\",\"position\":3,\"name\":\"LIKAS PAPAYA JAB\u00d3N DE BA\u00d1O HERBAL BLANQUEADOR DE PIEL 135 gr\"}]},{\"@type\":\"WebSite\",\"@id\":\"https:\/\/mjtxikimart.com\/#website\",\"url\":\"https:\/\/mjtxikimart.com\/\",\"name\":\"MjTxikimart\",\"description\":\"Comida Asi\u00e1tica Alimentaci\u00f3n\",\"potentialAction\":[{\"@type\":\"SearchAction\",\"target\":{\"@type\":\"EntryPoint\",\"urlTemplate\":\"https:\/\/mjtxikimart.com\/?s={search_term_string}\"},\"query-input\":{\"@type\":\"PropertyValueSpecification\",\"valueRequired\":true,\"valueName\":\"search_term_string\"}}],\"inLanguage\":\"es\"}]}<\/script>\n<!-- \/ Yoast SEO plugin. -->","yoast_head_json":{"title":"LIKAS PAPAYA JAB\u00d3N DE BA\u00d1O HERBAL BLANQUEADOR DE PIEL 135 gr - MjTxikimart","robots":{"index":"index","follow":"follow","max-snippet":"max-snippet:-1","max-image-preview":"max-image-preview:large","max-video-preview":"max-video-preview:-1"},"canonical":"https:\/\/mjtxikimart.com\/es\/producto\/likas-papaya-jabon-de-bano-herbal-blanqueador-de-piel-135-gr\/","og_locale":"es_ES","og_type":"article","og_title":"LIKAS PAPAYA JAB\u00d3N DE BA\u00d1O HERBAL BLANQUEADOR DE PIEL 135 gr - MjTxikimart","og_description":"El jab\u00f3n de ba\u00f1o herbal blanqueador de piel Likas Papaya se fabrica en Filipinas. El jab\u00f3n de papaya Likas\u00a0 blanquea la piel y est\u00e1 elaborado con hierbas org\u00e1nicas . Su ingrediente principal es el extracto de papa\u00edna, proveniente de la papaya, que ayuda a descomponer ciertas prote\u00ednas, como las c\u00e9lulas muertas de la piel. Le da a la piel una apariencia juvenil y uniforme.","og_url":"https:\/\/mjtxikimart.com\/es\/producto\/likas-papaya-jabon-de-bano-herbal-blanqueador-de-piel-135-gr\/","og_site_name":"MjTxikimart","article_modified_time":"2026-01-30T18:17:44+00:00","og_image":[{"width":900,"height":900,"url":"https:\/\/mjtxikimart.com\/wp-content\/uploads\/2026\/01\/LIKAS-PAPAYA-2.png","type":"image\/png"}],"twitter_card":"summary_large_image","schema":{"@context":"https:\/\/schema.org","@graph":[{"@type":"WebPage","@id":"https:\/\/mjtxikimart.com\/es\/producto\/likas-papaya-jabon-de-bano-herbal-blanqueador-de-piel-135-gr\/","url":"https:\/\/mjtxikimart.com\/es\/producto\/likas-papaya-jabon-de-bano-herbal-blanqueador-de-piel-135-gr\/","name":"LIKAS PAPAYA JAB\u00d3N DE BA\u00d1O HERBAL BLANQUEADOR DE PIEL 135 gr - MjTxikimart","isPartOf":{"@id":"https:\/\/mjtxikimart.com\/#website"},"primaryImageOfPage":{"@id":"https:\/\/mjtxikimart.com\/es\/producto\/likas-papaya-jabon-de-bano-herbal-blanqueador-de-piel-135-gr\/#primaryimage"},"image":{"@id":"https:\/\/mjtxikimart.com\/es\/producto\/likas-papaya-jabon-de-bano-herbal-blanqueador-de-piel-135-gr\/#primaryimage"},"thumbnailUrl":"https:\/\/mjtxikimart.com\/wp-content\/uploads\/2026\/01\/LIKAS-PAPAYA-2.png","datePublished":"2026-01-30T18:15:21+00:00","dateModified":"2026-01-30T18:17:44+00:00","breadcrumb":{"@id":"https:\/\/mjtxikimart.com\/es\/producto\/likas-papaya-jabon-de-bano-herbal-blanqueador-de-piel-135-gr\/#breadcrumb"},"inLanguage":"es","potentialAction":[{"@type":"ReadAction","target":["https:\/\/mjtxikimart.com\/es\/producto\/likas-papaya-jabon-de-bano-herbal-blanqueador-de-piel-135-gr\/"]}]},{"@type":"ImageObject","inLanguage":"es","@id":"https:\/\/mjtxikimart.com\/es\/producto\/likas-papaya-jabon-de-bano-herbal-blanqueador-de-piel-135-gr\/#primaryimage","url":"https:\/\/mjtxikimart.com\/wp-content\/uploads\/2026\/01\/LIKAS-PAPAYA-2.png","contentUrl":"https:\/\/mjtxikimart.com\/wp-content\/uploads\/2026\/01\/LIKAS-PAPAYA-2.png","width":900,"height":900},{"@type":"BreadcrumbList","@id":"https:\/\/mjtxikimart.com\/es\/producto\/likas-papaya-jabon-de-bano-herbal-blanqueador-de-piel-135-gr\/#breadcrumb","itemListElement":[{"@type":"ListItem","position":1,"name":"Home","item":"https:\/\/mjtxikimart.com\/es\/"},{"@type":"ListItem","position":2,"name":"Tienda","item":"https:\/\/mjtxikimart.com\/es\/tienda\/"},{"@type":"ListItem","position":3,"name":"LIKAS PAPAYA JAB\u00d3N DE BA\u00d1O HERBAL BLANQUEADOR DE PIEL 135 gr"}]},{"@type":"WebSite","@id":"https:\/\/mjtxikimart.com\/#website","url":"https:\/\/mjtxikimart.com\/","name":"MjTxikimart","description":"Comida Asi\u00e1tica Alimentaci\u00f3n","potentialAction":[{"@type":"SearchAction","target":{"@type":"EntryPoint","urlTemplate":"https:\/\/mjtxikimart.com\/?s={search_term_string}"},"query-input":{"@type":"PropertyValueSpecification","valueRequired":true,"valueName":"search_term_string"}}],"inLanguage":"es"}]}},"jetpack_sharing_enabled":true,"_links":{"self":[{"href":"https:\/\/mjtxikimart.com\/es\/wp-json\/wp\/v2\/product\/5065","targetHints":{"allow":["GET"]}}],"collection":[{"href":"https:\/\/mjtxikimart.com\/es\/wp-json\/wp\/v2\/product"}],"about":[{"href":"https:\/\/mjtxikimart.com\/es\/wp-json\/wp\/v2\/types\/product"}],"wp:featuredmedia":[{"embeddable":true,"href":"https:\/\/mjtxikimart.com\/es\/wp-json\/wp\/v2\/media\/5063"}],"wp:attachment":[{"href":"https:\/\/mjtxikimart.com\/es\/wp-json\/wp\/v2\/media?parent=5065"}],"wp:term":[{"taxonomy":"product_brand","embeddable":true,"href":"https:\/\/mjtxikimart.com\/es\/wp-json\/wp\/v2\/product_brand?post=5065"},{"taxonomy":"product_cat","embeddable":true,"href":"https:\/\/mjtxikimart.com\/es\/wp-json\/wp\/v2\/product_cat?post=5065"},{"taxonomy":"product_tag","embeddable":true,"href":"https:\/\/mjtxikimart.com\/es\/wp-json\/wp\/v2\/product_tag?post=5065"}],"curies":[{"name":"wp","href":"https:\/\/api.w.org\/{rel}","templated":true}]}}