{"id":3923,"date":"2026-01-10T20:37:58","date_gmt":"2026-01-10T19:37:58","guid":{"rendered":"https:\/\/mjtxikimart.com\/?post_type=product&#038;p=3923"},"modified":"2026-01-26T12:51:09","modified_gmt":"2026-01-26T11:51:09","slug":"me-chun-cinco-especias-en-polvo-50-gr","status":"publish","type":"product","link":"https:\/\/mjtxikimart.com\/es\/producto\/me-chun-cinco-especias-en-polvo-50-gr\/","title":{"rendered":"ME CHUN, CINCO ESPECIAS EN POLVO 50 gr"},"content":{"rendered":"<h4><span class=\"a_GcMg font-feature-liga-off font-feature-clig-off font-feature-calt-off text-decoration-none text-strikethrough-none\"><span dir=\"auto\" style=\"vertical-align: inherit;\"><span dir=\"auto\" style=\"vertical-align: inherit;\">El polvo de cinco especias es una especia t\u00edpica asi\u00e1tica. Es ideal para marinar carnes, aves y pescados, y aporta a sus platos un delicioso e inconfundible sabor asi\u00e1tico. Para marinar carnes, aves y pescados. Ingredientes: an\u00eds estrellado, hinojo, pimienta silvestre de Sichuan (Zanthoxylumpipertium), canela y jengibre.<\/span><\/span><\/span><\/h4>\n<p><img decoding=\"async\" class=\"alignnone size-full wp-image-3355\" src=\"https:\/\/mjtxikimart.com\/wp-content\/uploads\/2025\/12\/TIENDA-ONLINE-15.png\" alt=\"\" width=\"69\" height=\"53\" \/>\u00a0 \u00a0 <img decoding=\"async\" class=\"alignnone size-full wp-image-4491\" src=\"https:\/\/mjtxikimart.com\/wp-content\/uploads\/2026\/01\/VEGETARIANO-VEGANO-8.png\" alt=\"\" width=\"44\" height=\"56\" srcset=\"https:\/\/mjtxikimart.com\/wp-content\/uploads\/2026\/01\/VEGETARIANO-VEGANO-8.png 44w, https:\/\/mjtxikimart.com\/wp-content\/uploads\/2026\/01\/VEGETARIANO-VEGANO-8-42x54.png 42w\" sizes=\"(max-width: 44px) 100vw, 44px\" \/>\u00a0 \u00a0<img decoding=\"async\" class=\"alignnone size-full wp-image-4490\" src=\"https:\/\/mjtxikimart.com\/wp-content\/uploads\/2026\/01\/SIN-GLUTEN-10.png\" alt=\"\" width=\"40\" height=\"57\" srcset=\"https:\/\/mjtxikimart.com\/wp-content\/uploads\/2026\/01\/SIN-GLUTEN-10.png 40w, https:\/\/mjtxikimart.com\/wp-content\/uploads\/2026\/01\/SIN-GLUTEN-10-38x54.png 38w\" sizes=\"(max-width: 40px) 100vw, 40px\" \/><\/p>\n","protected":false},"excerpt":{"rendered":"<h3><span class=\"a_GcMg font-feature-liga-off font-feature-clig-off font-feature-calt-off text-decoration-none text-strikethrough-none\"><span dir=\"auto\" style=\"vertical-align: inherit;\"><span dir=\"auto\" style=\"vertical-align: inherit;\">El polvo de cinco especias es una especia t\u00edpica asi\u00e1tica. Es ideal para marinar carnes, aves y pescados, y aporta a sus platos un delicioso e inconfundible sabor asi\u00e1tico. Para marinar carnes, aves y pescados. Ingredientes: an\u00eds estrellado, hinojo, pimienta silvestre de Sichuan (Zanthoxylumpipertium), canela y jengibre.<\/span><\/span><\/span><\/h3>\n<p><img decoding=\"async\" class=\"alignnone size-full wp-image-3355\" src=\"https:\/\/mjtxikimart.com\/wp-content\/uploads\/2025\/12\/TIENDA-ONLINE-15.png\" alt=\"\" width=\"69\" height=\"53\" \/>\u00a0 \u00a0 <img decoding=\"async\" class=\"alignnone size-full wp-image-4491\" src=\"https:\/\/mjtxikimart.com\/wp-content\/uploads\/2026\/01\/VEGETARIANO-VEGANO-8.png\" alt=\"\" width=\"44\" height=\"56\" srcset=\"https:\/\/mjtxikimart.com\/wp-content\/uploads\/2026\/01\/VEGETARIANO-VEGANO-8.png 44w, https:\/\/mjtxikimart.com\/wp-content\/uploads\/2026\/01\/VEGETARIANO-VEGANO-8-42x54.png 42w\" sizes=\"(max-width: 44px) 100vw, 44px\" \/> \u00a0<img decoding=\"async\" class=\"alignnone size-full wp-image-4490\" src=\"https:\/\/mjtxikimart.com\/wp-content\/uploads\/2026\/01\/SIN-GLUTEN-10.png\" alt=\"\" width=\"40\" height=\"57\" srcset=\"https:\/\/mjtxikimart.com\/wp-content\/uploads\/2026\/01\/SIN-GLUTEN-10.png 40w, https:\/\/mjtxikimart.com\/wp-content\/uploads\/2026\/01\/SIN-GLUTEN-10-38x54.png 38w\" sizes=\"(max-width: 40px) 100vw, 40px\" \/><\/p>\n","protected":false},"featured_media":3924,"template":"","meta":[],"product_brand":[],"product_cat":[163],"product_tag":[631,690],"class_list":{"0":"post-3923","1":"product","2":"type-product","3":"status-publish","4":"has-post-thumbnail","6":"product_cat-salsas-sazonadores-y-condimentos","7":"product_tag-631","8":"product_tag-china","10":"first","11":"instock","12":"taxable","13":"shipping-taxable","14":"purchasable","15":"product-type-simple"},"yoast_head":"<!-- This site is optimized with the Yoast SEO plugin v26.6 - https:\/\/yoast.com\/wordpress\/plugins\/seo\/ -->\n<title>ME CHUN, CINCO ESPECIAS EN POLVO 50 gr - MjTxikimart<\/title>\n<meta name=\"robots\" content=\"index, follow, max-snippet:-1, max-image-preview:large, max-video-preview:-1\" \/>\n<link rel=\"canonical\" href=\"https:\/\/mjtxikimart.com\/producto\/me-chun-five-spices-powder-50-gr\/\" \/>\n<meta property=\"og:locale\" content=\"es_ES\" \/>\n<meta property=\"og:type\" content=\"article\" \/>\n<meta property=\"og:title\" content=\"ME CHUN, CINCO ESPECIAS EN POLVO 50 gr - MjTxikimart\" \/>\n<meta property=\"og:description\" content=\"El polvo de cinco especias es una especia t\u00edpica asi\u00e1tica. Es ideal para marinar carnes, aves y pescados, y aporta a sus platos un delicioso e inconfundible sabor asi\u00e1tico. Para marinar carnes, aves y pescados. Ingredientes: an\u00eds estrellado, hinojo, pimienta silvestre de Sichuan (Zanthoxylumpipertium), canela y jengibre. \u00a0 \u00a0 \u00a0\" \/>\n<meta property=\"og:url\" content=\"https:\/\/mjtxikimart.com\/producto\/me-chun-five-spices-powder-50-gr\/\" \/>\n<meta property=\"og:site_name\" content=\"MjTxikimart\" \/>\n<meta property=\"article:modified_time\" content=\"2026-01-26T11:51:09+00:00\" \/>\n<meta property=\"og:image\" content=\"https:\/\/mjtxikimart.com\/wp-content\/uploads\/2026\/01\/Sin-titulo-700-x-700-px-700-x-600-px-1.png\" \/>\n\t<meta property=\"og:image:width\" content=\"700\" \/>\n\t<meta property=\"og:image:height\" content=\"600\" \/>\n\t<meta property=\"og:image:type\" content=\"image\/png\" \/>\n<meta name=\"twitter:card\" content=\"summary_large_image\" \/>\n<meta name=\"twitter:label1\" content=\"Tiempo de lectura\" \/>\n\t<meta name=\"twitter:data1\" content=\"2 minutos\" \/>\n<script type=\"application\/ld+json\" class=\"yoast-schema-graph\">{\"@context\":\"https:\/\/schema.org\",\"@graph\":[{\"@type\":\"WebPage\",\"@id\":\"https:\/\/mjtxikimart.com\/producto\/me-chun-five-spices-powder-50-gr\/\",\"url\":\"https:\/\/mjtxikimart.com\/producto\/me-chun-five-spices-powder-50-gr\/\",\"name\":\"ME CHUN, CINCO ESPECIAS EN POLVO 50 gr - MjTxikimart\",\"isPartOf\":{\"@id\":\"https:\/\/mjtxikimart.com\/#website\"},\"primaryImageOfPage\":{\"@id\":\"https:\/\/mjtxikimart.com\/producto\/me-chun-five-spices-powder-50-gr\/#primaryimage\"},\"image\":{\"@id\":\"https:\/\/mjtxikimart.com\/producto\/me-chun-five-spices-powder-50-gr\/#primaryimage\"},\"thumbnailUrl\":\"https:\/\/mjtxikimart.com\/wp-content\/uploads\/2026\/01\/Sin-titulo-700-x-700-px-700-x-600-px-1.png\",\"datePublished\":\"2026-01-10T19:37:58+00:00\",\"dateModified\":\"2026-01-26T11:51:09+00:00\",\"breadcrumb\":{\"@id\":\"https:\/\/mjtxikimart.com\/producto\/me-chun-five-spices-powder-50-gr\/#breadcrumb\"},\"inLanguage\":\"es\",\"potentialAction\":[{\"@type\":\"ReadAction\",\"target\":[\"https:\/\/mjtxikimart.com\/producto\/me-chun-five-spices-powder-50-gr\/\"]}]},{\"@type\":\"ImageObject\",\"inLanguage\":\"es\",\"@id\":\"https:\/\/mjtxikimart.com\/producto\/me-chun-five-spices-powder-50-gr\/#primaryimage\",\"url\":\"https:\/\/mjtxikimart.com\/wp-content\/uploads\/2026\/01\/Sin-titulo-700-x-700-px-700-x-600-px-1.png\",\"contentUrl\":\"https:\/\/mjtxikimart.com\/wp-content\/uploads\/2026\/01\/Sin-titulo-700-x-700-px-700-x-600-px-1.png\",\"width\":700,\"height\":600},{\"@type\":\"BreadcrumbList\",\"@id\":\"https:\/\/mjtxikimart.com\/producto\/me-chun-five-spices-powder-50-gr\/#breadcrumb\",\"itemListElement\":[{\"@type\":\"ListItem\",\"position\":1,\"name\":\"Home\",\"item\":\"https:\/\/mjtxikimart.com\/es\/\"},{\"@type\":\"ListItem\",\"position\":2,\"name\":\"Tienda\",\"item\":\"https:\/\/mjtxikimart.com\/es\/tienda\/\"},{\"@type\":\"ListItem\",\"position\":3,\"name\":\"ME CHUN, CINCO ESPECIAS EN POLVO 50 gr\"}]},{\"@type\":\"WebSite\",\"@id\":\"https:\/\/mjtxikimart.com\/#website\",\"url\":\"https:\/\/mjtxikimart.com\/\",\"name\":\"MjTxikimart\",\"description\":\"Comida Asi\u00e1tica Alimentaci\u00f3n\",\"potentialAction\":[{\"@type\":\"SearchAction\",\"target\":{\"@type\":\"EntryPoint\",\"urlTemplate\":\"https:\/\/mjtxikimart.com\/?s={search_term_string}\"},\"query-input\":{\"@type\":\"PropertyValueSpecification\",\"valueRequired\":true,\"valueName\":\"search_term_string\"}}],\"inLanguage\":\"es\"}]}<\/script>\n<!-- \/ Yoast SEO plugin. -->","yoast_head_json":{"title":"ME CHUN, CINCO ESPECIAS EN POLVO 50 gr - MjTxikimart","robots":{"index":"index","follow":"follow","max-snippet":"max-snippet:-1","max-image-preview":"max-image-preview:large","max-video-preview":"max-video-preview:-1"},"canonical":"https:\/\/mjtxikimart.com\/producto\/me-chun-five-spices-powder-50-gr\/","og_locale":"es_ES","og_type":"article","og_title":"ME CHUN, CINCO ESPECIAS EN POLVO 50 gr - MjTxikimart","og_description":"El polvo de cinco especias es una especia t\u00edpica asi\u00e1tica. Es ideal para marinar carnes, aves y pescados, y aporta a sus platos un delicioso e inconfundible sabor asi\u00e1tico. Para marinar carnes, aves y pescados. Ingredientes: an\u00eds estrellado, hinojo, pimienta silvestre de Sichuan (Zanthoxylumpipertium), canela y jengibre. \u00a0 \u00a0 \u00a0","og_url":"https:\/\/mjtxikimart.com\/producto\/me-chun-five-spices-powder-50-gr\/","og_site_name":"MjTxikimart","article_modified_time":"2026-01-26T11:51:09+00:00","og_image":[{"width":700,"height":600,"url":"https:\/\/mjtxikimart.com\/wp-content\/uploads\/2026\/01\/Sin-titulo-700-x-700-px-700-x-600-px-1.png","type":"image\/png"}],"twitter_card":"summary_large_image","twitter_misc":{"Tiempo de lectura":"2 minutos"},"schema":{"@context":"https:\/\/schema.org","@graph":[{"@type":"WebPage","@id":"https:\/\/mjtxikimart.com\/producto\/me-chun-five-spices-powder-50-gr\/","url":"https:\/\/mjtxikimart.com\/producto\/me-chun-five-spices-powder-50-gr\/","name":"ME CHUN, CINCO ESPECIAS EN POLVO 50 gr - MjTxikimart","isPartOf":{"@id":"https:\/\/mjtxikimart.com\/#website"},"primaryImageOfPage":{"@id":"https:\/\/mjtxikimart.com\/producto\/me-chun-five-spices-powder-50-gr\/#primaryimage"},"image":{"@id":"https:\/\/mjtxikimart.com\/producto\/me-chun-five-spices-powder-50-gr\/#primaryimage"},"thumbnailUrl":"https:\/\/mjtxikimart.com\/wp-content\/uploads\/2026\/01\/Sin-titulo-700-x-700-px-700-x-600-px-1.png","datePublished":"2026-01-10T19:37:58+00:00","dateModified":"2026-01-26T11:51:09+00:00","breadcrumb":{"@id":"https:\/\/mjtxikimart.com\/producto\/me-chun-five-spices-powder-50-gr\/#breadcrumb"},"inLanguage":"es","potentialAction":[{"@type":"ReadAction","target":["https:\/\/mjtxikimart.com\/producto\/me-chun-five-spices-powder-50-gr\/"]}]},{"@type":"ImageObject","inLanguage":"es","@id":"https:\/\/mjtxikimart.com\/producto\/me-chun-five-spices-powder-50-gr\/#primaryimage","url":"https:\/\/mjtxikimart.com\/wp-content\/uploads\/2026\/01\/Sin-titulo-700-x-700-px-700-x-600-px-1.png","contentUrl":"https:\/\/mjtxikimart.com\/wp-content\/uploads\/2026\/01\/Sin-titulo-700-x-700-px-700-x-600-px-1.png","width":700,"height":600},{"@type":"BreadcrumbList","@id":"https:\/\/mjtxikimart.com\/producto\/me-chun-five-spices-powder-50-gr\/#breadcrumb","itemListElement":[{"@type":"ListItem","position":1,"name":"Home","item":"https:\/\/mjtxikimart.com\/es\/"},{"@type":"ListItem","position":2,"name":"Tienda","item":"https:\/\/mjtxikimart.com\/es\/tienda\/"},{"@type":"ListItem","position":3,"name":"ME CHUN, CINCO ESPECIAS EN POLVO 50 gr"}]},{"@type":"WebSite","@id":"https:\/\/mjtxikimart.com\/#website","url":"https:\/\/mjtxikimart.com\/","name":"MjTxikimart","description":"Comida Asi\u00e1tica Alimentaci\u00f3n","potentialAction":[{"@type":"SearchAction","target":{"@type":"EntryPoint","urlTemplate":"https:\/\/mjtxikimart.com\/?s={search_term_string}"},"query-input":{"@type":"PropertyValueSpecification","valueRequired":true,"valueName":"search_term_string"}}],"inLanguage":"es"}]}},"jetpack_sharing_enabled":true,"_links":{"self":[{"href":"https:\/\/mjtxikimart.com\/es\/wp-json\/wp\/v2\/product\/3923","targetHints":{"allow":["GET"]}}],"collection":[{"href":"https:\/\/mjtxikimart.com\/es\/wp-json\/wp\/v2\/product"}],"about":[{"href":"https:\/\/mjtxikimart.com\/es\/wp-json\/wp\/v2\/types\/product"}],"wp:featuredmedia":[{"embeddable":true,"href":"https:\/\/mjtxikimart.com\/es\/wp-json\/wp\/v2\/media\/3924"}],"wp:attachment":[{"href":"https:\/\/mjtxikimart.com\/es\/wp-json\/wp\/v2\/media?parent=3923"}],"wp:term":[{"taxonomy":"product_brand","embeddable":true,"href":"https:\/\/mjtxikimart.com\/es\/wp-json\/wp\/v2\/product_brand?post=3923"},{"taxonomy":"product_cat","embeddable":true,"href":"https:\/\/mjtxikimart.com\/es\/wp-json\/wp\/v2\/product_cat?post=3923"},{"taxonomy":"product_tag","embeddable":true,"href":"https:\/\/mjtxikimart.com\/es\/wp-json\/wp\/v2\/product_tag?post=3923"}],"curies":[{"name":"wp","href":"https:\/\/api.w.org\/{rel}","templated":true}]}}