{"id":3717,"date":"2026-01-11T18:02:34","date_gmt":"2026-01-11T17:02:34","guid":{"rendered":"https:\/\/mjtxikimart.com\/?post_type=product&#038;p=3717"},"modified":"2026-01-26T12:07:52","modified_gmt":"2026-01-26T11:07:52","slug":"haiyin-bridge-salsa-de-soja-negra-superior-150-ml","status":"publish","type":"product","link":"https:\/\/mjtxikimart.com\/es\/producto\/haiyin-bridge-salsa-de-soja-negra-superior-150-ml\/","title":{"rendered":"HAIYIN BRIDGE, SALSA DE SOJA NEGRA SUPERIOR 150 ml"},"content":{"rendered":"<h4><span class=\"a_GcMg font-feature-liga-off font-feature-clig-off font-feature-calt-off text-decoration-none text-strikethrough-none\"><span dir=\"auto\" style=\"vertical-align: inherit;\"><span dir=\"auto\" style=\"vertical-align: inherit;\">Con la Salsa de Soja Superior Haiyin Bridge (Negra) puedes preparar aut\u00e9nticos platillos chinos en minutos. La salsa de soya se elabora con soja fermentada, az\u00facar, harina y sal. En comparaci\u00f3n con la salsa de soya l\u00edquida, la salsa de soya negra es ligeramente menos salada, pero su sabor es m\u00e1s intenso.<\/span><\/span><\/span><\/h4>\n<p><img decoding=\"async\" class=\"alignnone size-full wp-image-3355\" src=\"https:\/\/mjtxikimart.com\/wp-content\/uploads\/2025\/12\/TIENDA-ONLINE-15.png\" alt=\"\" width=\"69\" height=\"53\" \/> \u00a0<img decoding=\"async\" class=\"alignnone size-full wp-image-3458\" src=\"https:\/\/mjtxikimart.com\/wp-content\/uploads\/2026\/01\/TIENDA-ONLINE-1-1.png\" alt=\"\" width=\"44\" height=\"56\" srcset=\"https:\/\/mjtxikimart.com\/wp-content\/uploads\/2026\/01\/TIENDA-ONLINE-1-1.png 44w, https:\/\/mjtxikimart.com\/wp-content\/uploads\/2026\/01\/TIENDA-ONLINE-1-1-42x54.png 42w\" sizes=\"(max-width: 44px) 100vw, 44px\" \/> \u00a0<img decoding=\"async\" class=\"alignnone wp-image-3594\" src=\"https:\/\/mjtxikimart.com\/wp-content\/uploads\/2025\/10\/TIENDA-ONLINE.png\" alt=\"\" width=\"51\" height=\"56\" \/><\/p>\n","protected":false},"excerpt":{"rendered":"<h3><span class=\"a_GcMg font-feature-liga-off font-feature-clig-off font-feature-calt-off text-decoration-none text-strikethrough-none\"><span dir=\"auto\" style=\"vertical-align: inherit;\"><span dir=\"auto\" style=\"vertical-align: inherit;\">Con la Salsa de Soja Superior Haiyin Bridge (Negra) puedes preparar aut\u00e9nticos platillos chinos en minutos. La salsa de soya se elabora con soja fermentada, az\u00facar, harina y sal. En comparaci\u00f3n con la salsa de soya l\u00edquida, la salsa de soya negra es ligeramente menos salada, pero su sabor es m\u00e1s intenso.<\/span><\/span><\/span><\/h3>\n<p><img decoding=\"async\" class=\"alignnone size-full wp-image-3355\" src=\"https:\/\/mjtxikimart.com\/wp-content\/uploads\/2025\/12\/TIENDA-ONLINE-15.png\" alt=\"\" width=\"69\" height=\"53\" \/> \u00a0<img decoding=\"async\" class=\"alignnone size-full wp-image-3458\" src=\"https:\/\/mjtxikimart.com\/wp-content\/uploads\/2026\/01\/TIENDA-ONLINE-1-1.png\" alt=\"\" width=\"44\" height=\"56\" srcset=\"https:\/\/mjtxikimart.com\/wp-content\/uploads\/2026\/01\/TIENDA-ONLINE-1-1.png 44w, https:\/\/mjtxikimart.com\/wp-content\/uploads\/2026\/01\/TIENDA-ONLINE-1-1-42x54.png 42w\" sizes=\"(max-width: 44px) 100vw, 44px\" \/> \u00a0<img decoding=\"async\" class=\"alignnone wp-image-3594\" src=\"https:\/\/mjtxikimart.com\/wp-content\/uploads\/2025\/10\/TIENDA-ONLINE.png\" alt=\"\" width=\"51\" height=\"56\" \/><\/p>\n","protected":false},"featured_media":4541,"template":"","meta":[],"product_brand":[],"product_cat":[163],"product_tag":[690],"class_list":{"0":"post-3717","1":"product","2":"type-product","3":"status-publish","4":"has-post-thumbnail","6":"product_cat-salsas-sazonadores-y-condimentos","7":"product_tag-china","9":"first","10":"instock","11":"taxable","12":"shipping-taxable","13":"purchasable","14":"product-type-simple"},"yoast_head":"<!-- This site is optimized with the Yoast SEO plugin v26.6 - https:\/\/yoast.com\/wordpress\/plugins\/seo\/ -->\n<title>HAIYIN BRIDGE, SALSA DE SOJA NEGRA SUPERIOR 150 ml - MjTxikimart<\/title>\n<meta name=\"robots\" content=\"index, follow, max-snippet:-1, max-image-preview:large, max-video-preview:-1\" \/>\n<link rel=\"canonical\" href=\"https:\/\/mjtxikimart.com\/producto\/haiyin-bridge-black-soy-sauce-superior-150-ml\/\" \/>\n<meta property=\"og:locale\" content=\"es_ES\" \/>\n<meta property=\"og:type\" content=\"article\" \/>\n<meta property=\"og:title\" content=\"HAIYIN BRIDGE, SALSA DE SOJA NEGRA SUPERIOR 150 ml - MjTxikimart\" \/>\n<meta property=\"og:description\" content=\"Con la Salsa de Soja Superior Haiyin Bridge (Negra) puedes preparar aut\u00e9nticos platillos chinos en minutos. La salsa de soya se elabora con soja fermentada, az\u00facar, harina y sal. En comparaci\u00f3n con la salsa de soya l\u00edquida, la salsa de soya negra es ligeramente menos salada, pero su sabor es m\u00e1s intenso.  \u00a0 \u00a0\" \/>\n<meta property=\"og:url\" content=\"https:\/\/mjtxikimart.com\/producto\/haiyin-bridge-black-soy-sauce-superior-150-ml\/\" \/>\n<meta property=\"og:site_name\" content=\"MjTxikimart\" \/>\n<meta property=\"article:modified_time\" content=\"2026-01-26T11:07:52+00:00\" \/>\n<meta property=\"og:image\" content=\"https:\/\/mjtxikimart.com\/wp-content\/uploads\/2026\/01\/16.png\" \/>\n\t<meta property=\"og:image:width\" content=\"700\" \/>\n\t<meta property=\"og:image:height\" content=\"600\" \/>\n\t<meta property=\"og:image:type\" content=\"image\/png\" \/>\n<meta name=\"twitter:card\" content=\"summary_large_image\" \/>\n<meta name=\"twitter:label1\" content=\"Tiempo de lectura\" \/>\n\t<meta name=\"twitter:data1\" content=\"2 minutos\" \/>\n<script type=\"application\/ld+json\" class=\"yoast-schema-graph\">{\"@context\":\"https:\/\/schema.org\",\"@graph\":[{\"@type\":\"WebPage\",\"@id\":\"https:\/\/mjtxikimart.com\/producto\/haiyin-bridge-black-soy-sauce-superior-150-ml\/\",\"url\":\"https:\/\/mjtxikimart.com\/producto\/haiyin-bridge-black-soy-sauce-superior-150-ml\/\",\"name\":\"HAIYIN BRIDGE, SALSA DE SOJA NEGRA SUPERIOR 150 ml - MjTxikimart\",\"isPartOf\":{\"@id\":\"https:\/\/mjtxikimart.com\/#website\"},\"primaryImageOfPage\":{\"@id\":\"https:\/\/mjtxikimart.com\/producto\/haiyin-bridge-black-soy-sauce-superior-150-ml\/#primaryimage\"},\"image\":{\"@id\":\"https:\/\/mjtxikimart.com\/producto\/haiyin-bridge-black-soy-sauce-superior-150-ml\/#primaryimage\"},\"thumbnailUrl\":\"https:\/\/mjtxikimart.com\/wp-content\/uploads\/2026\/01\/16.png\",\"datePublished\":\"2026-01-11T17:02:34+00:00\",\"dateModified\":\"2026-01-26T11:07:52+00:00\",\"breadcrumb\":{\"@id\":\"https:\/\/mjtxikimart.com\/producto\/haiyin-bridge-black-soy-sauce-superior-150-ml\/#breadcrumb\"},\"inLanguage\":\"es\",\"potentialAction\":[{\"@type\":\"ReadAction\",\"target\":[\"https:\/\/mjtxikimart.com\/producto\/haiyin-bridge-black-soy-sauce-superior-150-ml\/\"]}]},{\"@type\":\"ImageObject\",\"inLanguage\":\"es\",\"@id\":\"https:\/\/mjtxikimart.com\/producto\/haiyin-bridge-black-soy-sauce-superior-150-ml\/#primaryimage\",\"url\":\"https:\/\/mjtxikimart.com\/wp-content\/uploads\/2026\/01\/16.png\",\"contentUrl\":\"https:\/\/mjtxikimart.com\/wp-content\/uploads\/2026\/01\/16.png\",\"width\":700,\"height\":600},{\"@type\":\"BreadcrumbList\",\"@id\":\"https:\/\/mjtxikimart.com\/producto\/haiyin-bridge-black-soy-sauce-superior-150-ml\/#breadcrumb\",\"itemListElement\":[{\"@type\":\"ListItem\",\"position\":1,\"name\":\"Home\",\"item\":\"https:\/\/mjtxikimart.com\/es\/\"},{\"@type\":\"ListItem\",\"position\":2,\"name\":\"Tienda\",\"item\":\"https:\/\/mjtxikimart.com\/es\/tienda\/\"},{\"@type\":\"ListItem\",\"position\":3,\"name\":\"HAIYIN BRIDGE, SALSA DE SOJA NEGRA SUPERIOR 150 ml\"}]},{\"@type\":\"WebSite\",\"@id\":\"https:\/\/mjtxikimart.com\/#website\",\"url\":\"https:\/\/mjtxikimart.com\/\",\"name\":\"MjTxikimart\",\"description\":\"Comida Asi\u00e1tica Alimentaci\u00f3n\",\"potentialAction\":[{\"@type\":\"SearchAction\",\"target\":{\"@type\":\"EntryPoint\",\"urlTemplate\":\"https:\/\/mjtxikimart.com\/?s={search_term_string}\"},\"query-input\":{\"@type\":\"PropertyValueSpecification\",\"valueRequired\":true,\"valueName\":\"search_term_string\"}}],\"inLanguage\":\"es\"}]}<\/script>\n<!-- \/ Yoast SEO plugin. -->","yoast_head_json":{"title":"HAIYIN BRIDGE, SALSA DE SOJA NEGRA SUPERIOR 150 ml - MjTxikimart","robots":{"index":"index","follow":"follow","max-snippet":"max-snippet:-1","max-image-preview":"max-image-preview:large","max-video-preview":"max-video-preview:-1"},"canonical":"https:\/\/mjtxikimart.com\/producto\/haiyin-bridge-black-soy-sauce-superior-150-ml\/","og_locale":"es_ES","og_type":"article","og_title":"HAIYIN BRIDGE, SALSA DE SOJA NEGRA SUPERIOR 150 ml - MjTxikimart","og_description":"Con la Salsa de Soja Superior Haiyin Bridge (Negra) puedes preparar aut\u00e9nticos platillos chinos en minutos. La salsa de soya se elabora con soja fermentada, az\u00facar, harina y sal. En comparaci\u00f3n con la salsa de soya l\u00edquida, la salsa de soya negra es ligeramente menos salada, pero su sabor es m\u00e1s intenso.  \u00a0 \u00a0","og_url":"https:\/\/mjtxikimart.com\/producto\/haiyin-bridge-black-soy-sauce-superior-150-ml\/","og_site_name":"MjTxikimart","article_modified_time":"2026-01-26T11:07:52+00:00","og_image":[{"width":700,"height":600,"url":"https:\/\/mjtxikimart.com\/wp-content\/uploads\/2026\/01\/16.png","type":"image\/png"}],"twitter_card":"summary_large_image","twitter_misc":{"Tiempo de lectura":"2 minutos"},"schema":{"@context":"https:\/\/schema.org","@graph":[{"@type":"WebPage","@id":"https:\/\/mjtxikimart.com\/producto\/haiyin-bridge-black-soy-sauce-superior-150-ml\/","url":"https:\/\/mjtxikimart.com\/producto\/haiyin-bridge-black-soy-sauce-superior-150-ml\/","name":"HAIYIN BRIDGE, SALSA DE SOJA NEGRA SUPERIOR 150 ml - MjTxikimart","isPartOf":{"@id":"https:\/\/mjtxikimart.com\/#website"},"primaryImageOfPage":{"@id":"https:\/\/mjtxikimart.com\/producto\/haiyin-bridge-black-soy-sauce-superior-150-ml\/#primaryimage"},"image":{"@id":"https:\/\/mjtxikimart.com\/producto\/haiyin-bridge-black-soy-sauce-superior-150-ml\/#primaryimage"},"thumbnailUrl":"https:\/\/mjtxikimart.com\/wp-content\/uploads\/2026\/01\/16.png","datePublished":"2026-01-11T17:02:34+00:00","dateModified":"2026-01-26T11:07:52+00:00","breadcrumb":{"@id":"https:\/\/mjtxikimart.com\/producto\/haiyin-bridge-black-soy-sauce-superior-150-ml\/#breadcrumb"},"inLanguage":"es","potentialAction":[{"@type":"ReadAction","target":["https:\/\/mjtxikimart.com\/producto\/haiyin-bridge-black-soy-sauce-superior-150-ml\/"]}]},{"@type":"ImageObject","inLanguage":"es","@id":"https:\/\/mjtxikimart.com\/producto\/haiyin-bridge-black-soy-sauce-superior-150-ml\/#primaryimage","url":"https:\/\/mjtxikimart.com\/wp-content\/uploads\/2026\/01\/16.png","contentUrl":"https:\/\/mjtxikimart.com\/wp-content\/uploads\/2026\/01\/16.png","width":700,"height":600},{"@type":"BreadcrumbList","@id":"https:\/\/mjtxikimart.com\/producto\/haiyin-bridge-black-soy-sauce-superior-150-ml\/#breadcrumb","itemListElement":[{"@type":"ListItem","position":1,"name":"Home","item":"https:\/\/mjtxikimart.com\/es\/"},{"@type":"ListItem","position":2,"name":"Tienda","item":"https:\/\/mjtxikimart.com\/es\/tienda\/"},{"@type":"ListItem","position":3,"name":"HAIYIN BRIDGE, SALSA DE SOJA NEGRA SUPERIOR 150 ml"}]},{"@type":"WebSite","@id":"https:\/\/mjtxikimart.com\/#website","url":"https:\/\/mjtxikimart.com\/","name":"MjTxikimart","description":"Comida Asi\u00e1tica Alimentaci\u00f3n","potentialAction":[{"@type":"SearchAction","target":{"@type":"EntryPoint","urlTemplate":"https:\/\/mjtxikimart.com\/?s={search_term_string}"},"query-input":{"@type":"PropertyValueSpecification","valueRequired":true,"valueName":"search_term_string"}}],"inLanguage":"es"}]}},"jetpack_sharing_enabled":true,"_links":{"self":[{"href":"https:\/\/mjtxikimart.com\/es\/wp-json\/wp\/v2\/product\/3717","targetHints":{"allow":["GET"]}}],"collection":[{"href":"https:\/\/mjtxikimart.com\/es\/wp-json\/wp\/v2\/product"}],"about":[{"href":"https:\/\/mjtxikimart.com\/es\/wp-json\/wp\/v2\/types\/product"}],"wp:featuredmedia":[{"embeddable":true,"href":"https:\/\/mjtxikimart.com\/es\/wp-json\/wp\/v2\/media\/4541"}],"wp:attachment":[{"href":"https:\/\/mjtxikimart.com\/es\/wp-json\/wp\/v2\/media?parent=3717"}],"wp:term":[{"taxonomy":"product_brand","embeddable":true,"href":"https:\/\/mjtxikimart.com\/es\/wp-json\/wp\/v2\/product_brand?post=3717"},{"taxonomy":"product_cat","embeddable":true,"href":"https:\/\/mjtxikimart.com\/es\/wp-json\/wp\/v2\/product_cat?post=3717"},{"taxonomy":"product_tag","embeddable":true,"href":"https:\/\/mjtxikimart.com\/es\/wp-json\/wp\/v2\/product_tag?post=3717"}],"curies":[{"name":"wp","href":"https:\/\/api.w.org\/{rel}","templated":true}]}}