{"id":2826,"date":"2025-10-21T17:33:16","date_gmt":"2025-10-21T15:33:16","guid":{"rendered":"https:\/\/mjtxikimart.com\/?post_type=product&#038;p=2826"},"modified":"2026-02-17T12:53:15","modified_gmt":"2026-02-17T11:53:15","slug":"lucky-me-bulalo-sopa-de-fideos-instantanea-con-sabor-a-medula-osea-55-g","status":"publish","type":"product","link":"https:\/\/mjtxikimart.com\/es\/producto\/lucky-me-bulalo-sopa-de-fideos-instantanea-con-sabor-a-medula-osea-55-g\/","title":{"rendered":"LUCKY ME, BULALO, SOPA DE FIDEOS INSTANT\u00c1NEA  CON SABOR A M\u00c9DULA \u00d3SEA 55 g"},"content":{"rendered":"<div class=\"page\" title=\"P\u00e1gina 1\">\n<div class=\"section\">\n<div class=\"layoutArea\">\n<div class=\"column\">\n<div class=\"page\" title=\"P\u00e1gina 1\">\n<div class=\"section\">\n<div class=\"layoutArea\">\n<div class=\"column\">\n<p><span dir=\"auto\" style=\"vertical-align: inherit;\"><span dir=\"auto\" style=\"vertical-align: inherit;\">Ingredientes: <\/span><\/span><span dir=\"auto\" style=\"vertical-align: inherit;\"><span dir=\"auto\" style=\"vertical-align: inherit;\">Fideos: HARINA DE TRIGO, ACEITE VEGETAL (ACEITE DE PALMA, EXTRACTO DE T\u00c9 VERDE), ALMID\u00d3N DE TAPIOCA MODIFICADO, SAL, POLIFOSFATO DE SODIO, CARBOXIMETILCELULOSA DE SODIO, CARBONATO DE POTASIO (REGULADOR DE LA ACIDEZ), CARBONATO DE SODIO (REGULADOR DE LA ACIDEZ). CONDIMENTO <\/span><\/span><br \/>\n<span dir=\"auto\" style=\"vertical-align: inherit;\"><span dir=\"auto\" style=\"vertical-align: inherit;\">: SAL, AZ\u00daCAR DE CA\u00d1A, GLUTAMATO MONOS\u00d3DICO, MALTODEXTRINA, ESPECIAS, PROTE\u00cdNA DE SOYA HIDROLIZADA, SABOR ARTIFICIAL A CARNE DE RES, CEBOLLA EN POLVO. COLOR CARAMELO, CEBOLLINO DESHIDRATADO, CEBOLLA DESHIDRATADA, \u00c1CIDO L\u00c1CTICO (REGULADOR DE LA ACIDEZ), INOSINATO DIS\u00d3DICO, GUANILATO DIS\u00d3DICO. ADORNO: PROTE\u00cdNA DE SOYA TEXTURIZADA, COL DESHIDRATADA.<\/span><\/span><\/p>\n<p><img decoding=\"async\" class=\"alignnone size-full wp-image-3859\" src=\"https:\/\/mjtxikimart.com\/wp-content\/uploads\/2025\/12\/FILIPINAS-3.png\" alt=\"\" width=\"70\" height=\"55\" \/> <img decoding=\"async\" class=\"alignnone size-full wp-image-4135\" src=\"https:\/\/mjtxikimart.com\/wp-content\/uploads\/2025\/10\/GLUTEN-2.png\" alt=\"\" width=\"48\" height=\"53\" \/><\/p>\n<\/div>\n<\/div>\n<\/div>\n<\/div>\n<\/div>\n<\/div>\n<\/div>\n<\/div>\n","protected":false},"excerpt":{"rendered":"<div class=\"page\" title=\"P\u00e1gina 1\">\n<div class=\"section\">\n<div class=\"layoutArea\">\n<div class=\"column\">\n<div class=\"page\" title=\"P\u00e1gina 2\">\n<div class=\"section\">\n<div class=\"layoutArea\">\n<div class=\"column\">\n<div class=\"page\" title=\"P\u00e1gina 2\">\n<div class=\"section\">\n<div class=\"layoutArea\">\n<div class=\"column\">\n<div class=\"page\" title=\"P\u00e1gina 2\">\n<div class=\"section\">\n<div class=\"layoutArea\">\n<div class=\"column\">\n<div class=\"page\" title=\"P\u00e1gina 3\">\n<div class=\"section\">\n<div class=\"layoutArea\">\n<div class=\"column\">\n<div class=\"page\" title=\"P\u00e1gina 3\">\n<div class=\"section\">\n<div class=\"layoutArea\">\n<div class=\"column\">\n<div class=\"page\" title=\"P\u00e1gina 3\">\n<div class=\"section\">\n<div class=\"layoutArea\">\n<div class=\"column\">\n<div class=\"page\" title=\"P\u00e1gina 4\">\n<div class=\"section\">\n<div class=\"layoutArea\">\n<div class=\"column\">\n<div class=\"page\" title=\"P\u00e1gina 5\">\n<div class=\"section\">\n<div class=\"layoutArea\">\n<div class=\"column\">\n<div class=\"page\" title=\"P\u00e1gina 5\">\n<div class=\"section\">\n<div class=\"layoutArea\">\n<div class=\"column\">\n<div class=\"page\" title=\"P\u00e1gina 5\">\n<div class=\"section\">\n<div class=\"layoutArea\">\n<div class=\"column\">\n<div class=\"page\" title=\"P\u00e1gina 5\">\n<div class=\"section\">\n<div class=\"layoutArea\">\n<div class=\"column\">\n<div class=\"page\" title=\"P\u00e1gina 6\">\n<div class=\"section\">\n<div class=\"layoutArea\">\n<div class=\"column\">\n<div class=\"page\" title=\"P\u00e1gina 6\">\n<div class=\"section\">\n<div class=\"layoutArea\">\n<div class=\"column\">\n<div class=\"page\" title=\"P\u00e1gina 6\">\n<div class=\"section\">\n<div class=\"layoutArea\">\n<div class=\"column\">\n<div class=\"page\" title=\"P\u00e1gina 6\">\n<div class=\"section\">\n<div class=\"layoutArea\">\n<div class=\"column\">\n<div class=\"page\" title=\"P\u00e1gina 7\">\n<div class=\"section\">\n<div class=\"layoutArea\">\n<div class=\"column\">\n<div class=\"page\" title=\"P\u00e1gina 7\">\n<div class=\"section\">\n<div class=\"layoutArea\">\n<div class=\"column\">\n<div class=\"page\" title=\"P\u00e1gina 7\">\n<div class=\"section\">\n<div class=\"layoutArea\">\n<div class=\"column\">\n<div class=\"page\" title=\"P\u00e1gina 7\">\n<div class=\"section\">\n<div class=\"layoutArea\">\n<div class=\"column\">\n<p><span dir=\"auto\" style=\"vertical-align: inherit;\"><span dir=\"auto\" style=\"vertical-align: inherit;\">La sopa instant\u00e1nea de fideos Bulalo de Lucky Me!, con un peso de 55 g, ofrece una experiencia de los sabores tradicionales filipinos. El bulalo, famoso por su rico caldo de res con un toque de m\u00e9dula \u00f3sea, se reproduce fielmente en esta sopa de preparaci\u00f3n r\u00e1pida. Con un conjunto de especias y guarniciones incluido, podr\u00e1s disfrutar de un sabor intenso y carnoso en cuesti\u00f3n de minutos. Es una opci\u00f3n ideal para una comida r\u00e1pida en casa, en el trabajo o para llevar. La marca Lucky Me! es reconocida por la calidad y autenticidad de sus productos, lo que convierte a esta sopa en una excelente elecci\u00f3n para quienes desean experimentar el sabor de Filipinas de manera pr\u00e1ctica e instant\u00e1nea.<\/span><\/span><\/p>\n<\/div>\n<\/div>\n<\/div>\n<\/div>\n<p><img decoding=\"async\" class=\"alignnone size-full wp-image-3859\" src=\"https:\/\/mjtxikimart.com\/wp-content\/uploads\/2025\/12\/FILIPINAS-3.png\" alt=\"\" width=\"70\" height=\"55\" \/> <img decoding=\"async\" class=\"alignnone size-full wp-image-4135\" src=\"https:\/\/mjtxikimart.com\/wp-content\/uploads\/2025\/10\/GLUTEN-2.png\" alt=\"\" width=\"48\" height=\"53\" \/><\/p>\n<\/div>\n<\/div>\n<\/div>\n<\/div>\n<\/div>\n<\/div>\n<\/div>\n<\/div>\n<\/div>\n<\/div>\n<\/div>\n<\/div>\n<\/div>\n<\/div>\n<\/div>\n<\/div>\n<\/div>\n<\/div>\n<\/div>\n<\/div>\n<\/div>\n<\/div>\n<\/div>\n<\/div>\n<\/div>\n<\/div>\n<\/div>\n<\/div>\n<\/div>\n<\/div>\n<\/div>\n<\/div>\n<\/div>\n<\/div>\n<\/div>\n<\/div>\n<\/div>\n<\/div>\n<\/div>\n<\/div>\n<\/div>\n<\/div>\n<\/div>\n<\/div>\n<\/div>\n<\/div>\n<\/div>\n<\/div>\n<\/div>\n<\/div>\n<\/div>\n<\/div>\n<\/div>\n<\/div>\n<\/div>\n<\/div>\n<\/div>\n<\/div>\n<\/div>\n<\/div>\n<\/div>\n<\/div>\n<\/div>\n<\/div>\n<\/div>\n<\/div>\n<\/div>\n<\/div>\n<\/div>\n<\/div>\n<\/div>\n<\/div>\n<\/div>\n<\/div>\n<\/div>\n<\/div>\n","protected":false},"featured_media":4277,"template":"","meta":[],"product_brand":[],"product_cat":[160,178],"product_tag":[673],"class_list":{"0":"post-2826","1":"product","2":"type-product","3":"status-publish","4":"has-post-thumbnail","6":"product_cat-fideos","7":"product_cat-filipinas","8":"product_tag-lucky-me","10":"first","11":"outofstock","12":"taxable","13":"shipping-taxable","14":"purchasable","15":"product-type-simple"},"yoast_head":"<!-- This site is optimized with the Yoast SEO plugin v26.6 - https:\/\/yoast.com\/wordpress\/plugins\/seo\/ -->\n<title>LUCKY ME, BULALO, SOPA DE FIDEOS INSTANT\u00c1NEA CON SABOR A M\u00c9DULA \u00d3SEA 55 g - MjTxikimart<\/title>\n<meta name=\"robots\" content=\"index, follow, max-snippet:-1, max-image-preview:large, max-video-preview:-1\" \/>\n<link rel=\"canonical\" href=\"https:\/\/mjtxikimart.com\/es\/producto\/lucky-me-bulalo-sopa-de-fideos-instantanea-con-sabor-a-medula-osea-55-g\/\" \/>\n<meta property=\"og:locale\" content=\"es_ES\" \/>\n<meta property=\"og:type\" content=\"article\" \/>\n<meta property=\"og:title\" content=\"LUCKY ME, BULALO, SOPA DE FIDEOS INSTANT\u00c1NEA CON SABOR A M\u00c9DULA \u00d3SEA 55 g - MjTxikimart\" \/>\n<meta property=\"og:description\" content=\"La sopa instant\u00e1nea de fideos Bulalo de Lucky Me!, con un peso de 55 g, ofrece una experiencia de los sabores tradicionales filipinos. El bulalo, famoso por su rico caldo de res con un toque de m\u00e9dula \u00f3sea, se reproduce fielmente en esta sopa de preparaci\u00f3n r\u00e1pida. Con un conjunto de especias y guarniciones incluido, podr\u00e1s disfrutar de un sabor intenso y carnoso en cuesti\u00f3n de minutos. Es una opci\u00f3n ideal para una comida r\u00e1pida en casa, en el trabajo o para llevar. La marca Lucky Me! es reconocida por la calidad y autenticidad de sus productos, lo que convierte a esta sopa en una excelente elecci\u00f3n para quienes desean experimentar el sabor de Filipinas de manera pr\u00e1ctica e instant\u00e1nea.\" \/>\n<meta property=\"og:url\" content=\"https:\/\/mjtxikimart.com\/es\/producto\/lucky-me-bulalo-sopa-de-fideos-instantanea-con-sabor-a-medula-osea-55-g\/\" \/>\n<meta property=\"og:site_name\" content=\"MjTxikimart\" \/>\n<meta property=\"article:modified_time\" content=\"2026-02-17T11:53:15+00:00\" \/>\n<meta property=\"og:image\" content=\"https:\/\/mjtxikimart.com\/wp-content\/uploads\/2025\/10\/47.png\" \/>\n\t<meta property=\"og:image:width\" content=\"700\" \/>\n\t<meta property=\"og:image:height\" content=\"600\" \/>\n\t<meta property=\"og:image:type\" content=\"image\/png\" \/>\n<meta name=\"twitter:card\" content=\"summary_large_image\" \/>\n<meta name=\"twitter:label1\" content=\"Tiempo de lectura\" \/>\n\t<meta name=\"twitter:data1\" content=\"1 minuto\" \/>\n<script type=\"application\/ld+json\" class=\"yoast-schema-graph\">{\"@context\":\"https:\/\/schema.org\",\"@graph\":[{\"@type\":\"WebPage\",\"@id\":\"https:\/\/mjtxikimart.com\/es\/producto\/lucky-me-bulalo-sopa-de-fideos-instantanea-con-sabor-a-medula-osea-55-g\/\",\"url\":\"https:\/\/mjtxikimart.com\/es\/producto\/lucky-me-bulalo-sopa-de-fideos-instantanea-con-sabor-a-medula-osea-55-g\/\",\"name\":\"LUCKY ME, BULALO, SOPA DE FIDEOS INSTANT\u00c1NEA CON SABOR A M\u00c9DULA \u00d3SEA 55 g - MjTxikimart\",\"isPartOf\":{\"@id\":\"https:\/\/mjtxikimart.com\/#website\"},\"primaryImageOfPage\":{\"@id\":\"https:\/\/mjtxikimart.com\/es\/producto\/lucky-me-bulalo-sopa-de-fideos-instantanea-con-sabor-a-medula-osea-55-g\/#primaryimage\"},\"image\":{\"@id\":\"https:\/\/mjtxikimart.com\/es\/producto\/lucky-me-bulalo-sopa-de-fideos-instantanea-con-sabor-a-medula-osea-55-g\/#primaryimage\"},\"thumbnailUrl\":\"https:\/\/mjtxikimart.com\/wp-content\/uploads\/2025\/10\/47.png\",\"datePublished\":\"2025-10-21T15:33:16+00:00\",\"dateModified\":\"2026-02-17T11:53:15+00:00\",\"breadcrumb\":{\"@id\":\"https:\/\/mjtxikimart.com\/es\/producto\/lucky-me-bulalo-sopa-de-fideos-instantanea-con-sabor-a-medula-osea-55-g\/#breadcrumb\"},\"inLanguage\":\"es\",\"potentialAction\":[{\"@type\":\"ReadAction\",\"target\":[\"https:\/\/mjtxikimart.com\/es\/producto\/lucky-me-bulalo-sopa-de-fideos-instantanea-con-sabor-a-medula-osea-55-g\/\"]}]},{\"@type\":\"ImageObject\",\"inLanguage\":\"es\",\"@id\":\"https:\/\/mjtxikimart.com\/es\/producto\/lucky-me-bulalo-sopa-de-fideos-instantanea-con-sabor-a-medula-osea-55-g\/#primaryimage\",\"url\":\"https:\/\/mjtxikimart.com\/wp-content\/uploads\/2025\/10\/47.png\",\"contentUrl\":\"https:\/\/mjtxikimart.com\/wp-content\/uploads\/2025\/10\/47.png\",\"width\":700,\"height\":600},{\"@type\":\"BreadcrumbList\",\"@id\":\"https:\/\/mjtxikimart.com\/es\/producto\/lucky-me-bulalo-sopa-de-fideos-instantanea-con-sabor-a-medula-osea-55-g\/#breadcrumb\",\"itemListElement\":[{\"@type\":\"ListItem\",\"position\":1,\"name\":\"Home\",\"item\":\"https:\/\/mjtxikimart.com\/es\/\"},{\"@type\":\"ListItem\",\"position\":2,\"name\":\"Tienda\",\"item\":\"https:\/\/mjtxikimart.com\/es\/tienda\/\"},{\"@type\":\"ListItem\",\"position\":3,\"name\":\"LUCKY ME, BULALO, SOPA DE FIDEOS INSTANT\u00c1NEA CON SABOR A M\u00c9DULA \u00d3SEA 55 g\"}]},{\"@type\":\"WebSite\",\"@id\":\"https:\/\/mjtxikimart.com\/#website\",\"url\":\"https:\/\/mjtxikimart.com\/\",\"name\":\"MjTxikimart\",\"description\":\"Comida Asi\u00e1tica Alimentaci\u00f3n\",\"potentialAction\":[{\"@type\":\"SearchAction\",\"target\":{\"@type\":\"EntryPoint\",\"urlTemplate\":\"https:\/\/mjtxikimart.com\/?s={search_term_string}\"},\"query-input\":{\"@type\":\"PropertyValueSpecification\",\"valueRequired\":true,\"valueName\":\"search_term_string\"}}],\"inLanguage\":\"es\"}]}<\/script>\n<!-- \/ Yoast SEO plugin. -->","yoast_head_json":{"title":"LUCKY ME, BULALO, SOPA DE FIDEOS INSTANT\u00c1NEA CON SABOR A M\u00c9DULA \u00d3SEA 55 g - MjTxikimart","robots":{"index":"index","follow":"follow","max-snippet":"max-snippet:-1","max-image-preview":"max-image-preview:large","max-video-preview":"max-video-preview:-1"},"canonical":"https:\/\/mjtxikimart.com\/es\/producto\/lucky-me-bulalo-sopa-de-fideos-instantanea-con-sabor-a-medula-osea-55-g\/","og_locale":"es_ES","og_type":"article","og_title":"LUCKY ME, BULALO, SOPA DE FIDEOS INSTANT\u00c1NEA CON SABOR A M\u00c9DULA \u00d3SEA 55 g - MjTxikimart","og_description":"La sopa instant\u00e1nea de fideos Bulalo de Lucky Me!, con un peso de 55 g, ofrece una experiencia de los sabores tradicionales filipinos. El bulalo, famoso por su rico caldo de res con un toque de m\u00e9dula \u00f3sea, se reproduce fielmente en esta sopa de preparaci\u00f3n r\u00e1pida. Con un conjunto de especias y guarniciones incluido, podr\u00e1s disfrutar de un sabor intenso y carnoso en cuesti\u00f3n de minutos. Es una opci\u00f3n ideal para una comida r\u00e1pida en casa, en el trabajo o para llevar. La marca Lucky Me! es reconocida por la calidad y autenticidad de sus productos, lo que convierte a esta sopa en una excelente elecci\u00f3n para quienes desean experimentar el sabor de Filipinas de manera pr\u00e1ctica e instant\u00e1nea.","og_url":"https:\/\/mjtxikimart.com\/es\/producto\/lucky-me-bulalo-sopa-de-fideos-instantanea-con-sabor-a-medula-osea-55-g\/","og_site_name":"MjTxikimart","article_modified_time":"2026-02-17T11:53:15+00:00","og_image":[{"width":700,"height":600,"url":"https:\/\/mjtxikimart.com\/wp-content\/uploads\/2025\/10\/47.png","type":"image\/png"}],"twitter_card":"summary_large_image","twitter_misc":{"Tiempo de lectura":"1 minuto"},"schema":{"@context":"https:\/\/schema.org","@graph":[{"@type":"WebPage","@id":"https:\/\/mjtxikimart.com\/es\/producto\/lucky-me-bulalo-sopa-de-fideos-instantanea-con-sabor-a-medula-osea-55-g\/","url":"https:\/\/mjtxikimart.com\/es\/producto\/lucky-me-bulalo-sopa-de-fideos-instantanea-con-sabor-a-medula-osea-55-g\/","name":"LUCKY ME, BULALO, SOPA DE FIDEOS INSTANT\u00c1NEA CON SABOR A M\u00c9DULA \u00d3SEA 55 g - MjTxikimart","isPartOf":{"@id":"https:\/\/mjtxikimart.com\/#website"},"primaryImageOfPage":{"@id":"https:\/\/mjtxikimart.com\/es\/producto\/lucky-me-bulalo-sopa-de-fideos-instantanea-con-sabor-a-medula-osea-55-g\/#primaryimage"},"image":{"@id":"https:\/\/mjtxikimart.com\/es\/producto\/lucky-me-bulalo-sopa-de-fideos-instantanea-con-sabor-a-medula-osea-55-g\/#primaryimage"},"thumbnailUrl":"https:\/\/mjtxikimart.com\/wp-content\/uploads\/2025\/10\/47.png","datePublished":"2025-10-21T15:33:16+00:00","dateModified":"2026-02-17T11:53:15+00:00","breadcrumb":{"@id":"https:\/\/mjtxikimart.com\/es\/producto\/lucky-me-bulalo-sopa-de-fideos-instantanea-con-sabor-a-medula-osea-55-g\/#breadcrumb"},"inLanguage":"es","potentialAction":[{"@type":"ReadAction","target":["https:\/\/mjtxikimart.com\/es\/producto\/lucky-me-bulalo-sopa-de-fideos-instantanea-con-sabor-a-medula-osea-55-g\/"]}]},{"@type":"ImageObject","inLanguage":"es","@id":"https:\/\/mjtxikimart.com\/es\/producto\/lucky-me-bulalo-sopa-de-fideos-instantanea-con-sabor-a-medula-osea-55-g\/#primaryimage","url":"https:\/\/mjtxikimart.com\/wp-content\/uploads\/2025\/10\/47.png","contentUrl":"https:\/\/mjtxikimart.com\/wp-content\/uploads\/2025\/10\/47.png","width":700,"height":600},{"@type":"BreadcrumbList","@id":"https:\/\/mjtxikimart.com\/es\/producto\/lucky-me-bulalo-sopa-de-fideos-instantanea-con-sabor-a-medula-osea-55-g\/#breadcrumb","itemListElement":[{"@type":"ListItem","position":1,"name":"Home","item":"https:\/\/mjtxikimart.com\/es\/"},{"@type":"ListItem","position":2,"name":"Tienda","item":"https:\/\/mjtxikimart.com\/es\/tienda\/"},{"@type":"ListItem","position":3,"name":"LUCKY ME, BULALO, SOPA DE FIDEOS INSTANT\u00c1NEA CON SABOR A M\u00c9DULA \u00d3SEA 55 g"}]},{"@type":"WebSite","@id":"https:\/\/mjtxikimart.com\/#website","url":"https:\/\/mjtxikimart.com\/","name":"MjTxikimart","description":"Comida Asi\u00e1tica Alimentaci\u00f3n","potentialAction":[{"@type":"SearchAction","target":{"@type":"EntryPoint","urlTemplate":"https:\/\/mjtxikimart.com\/?s={search_term_string}"},"query-input":{"@type":"PropertyValueSpecification","valueRequired":true,"valueName":"search_term_string"}}],"inLanguage":"es"}]}},"jetpack_sharing_enabled":true,"_links":{"self":[{"href":"https:\/\/mjtxikimart.com\/es\/wp-json\/wp\/v2\/product\/2826","targetHints":{"allow":["GET"]}}],"collection":[{"href":"https:\/\/mjtxikimart.com\/es\/wp-json\/wp\/v2\/product"}],"about":[{"href":"https:\/\/mjtxikimart.com\/es\/wp-json\/wp\/v2\/types\/product"}],"wp:featuredmedia":[{"embeddable":true,"href":"https:\/\/mjtxikimart.com\/es\/wp-json\/wp\/v2\/media\/4277"}],"wp:attachment":[{"href":"https:\/\/mjtxikimart.com\/es\/wp-json\/wp\/v2\/media?parent=2826"}],"wp:term":[{"taxonomy":"product_brand","embeddable":true,"href":"https:\/\/mjtxikimart.com\/es\/wp-json\/wp\/v2\/product_brand?post=2826"},{"taxonomy":"product_cat","embeddable":true,"href":"https:\/\/mjtxikimart.com\/es\/wp-json\/wp\/v2\/product_cat?post=2826"},{"taxonomy":"product_tag","embeddable":true,"href":"https:\/\/mjtxikimart.com\/es\/wp-json\/wp\/v2\/product_tag?post=2826"}],"curies":[{"name":"wp","href":"https:\/\/api.w.org\/{rel}","templated":true}]}}